{"id":1751,"date":"2023-10-17T11:40:33","date_gmt":"2023-10-17T09:40:33","guid":{"rendered":"https:\/\/centroeloe.com\/physiotherapie-sportive\/"},"modified":"2024-04-17T10:49:49","modified_gmt":"2024-04-17T08:49:49","slug":"physiotherapie-sportive","status":"publish","type":"page","link":"https:\/\/centroeloe.com\/fr\/physiotherapie-sportive\/","title":{"rendered":"Physioth\u00e9rapie sportive"},"content":{"rendered":"\t\t<div data-elementor-type=\"wp-page\" data-elementor-id=\"1751\" class=\"elementor elementor-1751 elementor-360\" data-elementor-post-type=\"page\">\n\t\t\t\t\t\t<section class=\"elementor-section elementor-top-section elementor-element elementor-element-2d796299 elementor-section-boxed elementor-section-height-default elementor-section-height-default\" data-id=\"2d796299\" data-element_type=\"section\" data-e-type=\"section\" data-settings=\"{&quot;background_background&quot;:&quot;classic&quot;}\">\n\t\t\t\t\t\t\t<div class=\"elementor-background-overlay\"><\/div>\n\t\t\t\t\t\t\t<div class=\"elementor-container elementor-column-gap-default\">\n\t\t\t\t\t<div class=\"elementor-column elementor-col-100 elementor-top-column elementor-element elementor-element-60cc7dba\" data-id=\"60cc7dba\" data-element_type=\"column\" data-e-type=\"column\">\n\t\t\t<div class=\"elementor-widget-wrap elementor-element-populated\">\n\t\t\t\t\t\t<div class=\"elementor-element elementor-element-43f42f16 elementor-widget elementor-widget-heading\" data-id=\"43f42f16\" data-element_type=\"widget\" data-e-type=\"widget\" data-widget_type=\"heading.default\">\n\t\t\t\t<div class=\"elementor-widget-container\">\n\t\t\t\t\t<h1 class=\"elementor-heading-title elementor-size-default\">Physioth\u00e9rapie sportive<\/h1>\t\t\t\t<\/div>\n\t\t\t\t<\/div>\n\t\t\t\t\t<\/div>\n\t\t<\/div>\n\t\t\t\t\t<\/div>\n\t\t<\/section>\n\t\t\t\t<section class=\"elementor-section elementor-top-section elementor-element elementor-element-6f5f522 elementor-section-boxed elementor-section-height-default elementor-section-height-default\" data-id=\"6f5f522\" data-element_type=\"section\" data-e-type=\"section\">\n\t\t\t\t\t\t<div class=\"elementor-container elementor-column-gap-no\">\n\t\t\t\t\t<div class=\"elementor-column elementor-col-50 elementor-top-column elementor-element elementor-element-3e3104ff elementor-invisible\" data-id=\"3e3104ff\" data-element_type=\"column\" data-e-type=\"column\" data-settings=\"{&quot;animation&quot;:&quot;fadeInLeft&quot;}\">\n\t\t\t<div class=\"elementor-widget-wrap elementor-element-populated\">\n\t\t\t\t\t\t<section class=\"elementor-section elementor-inner-section elementor-element elementor-element-462eb259 elementor-section-boxed elementor-section-height-default elementor-section-height-default\" data-id=\"462eb259\" data-element_type=\"section\" data-e-type=\"section\">\n\t\t\t\t\t\t<div class=\"elementor-container elementor-column-gap-default\">\n\t\t\t\t\t<div class=\"elementor-column elementor-col-100 elementor-inner-column elementor-element elementor-element-69dd46d6\" data-id=\"69dd46d6\" data-element_type=\"column\" data-e-type=\"column\">\n\t\t\t<div class=\"elementor-widget-wrap elementor-element-populated\">\n\t\t\t\t\t\t<div class=\"elementor-element elementor-element-6f2d2a84 elementor-widget elementor-widget-heading\" data-id=\"6f2d2a84\" data-element_type=\"widget\" data-e-type=\"widget\" data-widget_type=\"heading.default\">\n\t\t\t\t<div class=\"elementor-widget-container\">\n\t\t\t\t\t<h2 class=\"elementor-heading-title elementor-size-default\">Qu'est-ce que c'est ?<\/h2>\t\t\t\t<\/div>\n\t\t\t\t<\/div>\n\t\t\t\t\t<\/div>\n\t\t<\/div>\n\t\t\t\t\t<\/div>\n\t\t<\/section>\n\t\t\t\t<div class=\"elementor-element elementor-element-13f6cee elementor-widget-divider--view-line elementor-widget elementor-widget-divider\" data-id=\"13f6cee\" data-element_type=\"widget\" data-e-type=\"widget\" data-widget_type=\"divider.default\">\n\t\t\t\t<div class=\"elementor-widget-container\">\n\t\t\t\t\t\t\t<div class=\"elementor-divider\">\n\t\t\t<span class=\"elementor-divider-separator\">\n\t\t\t\t\t\t<\/span>\n\t\t<\/div>\n\t\t\t\t\t\t<\/div>\n\t\t\t\t<\/div>\n\t\t\t\t<div class=\"elementor-element elementor-element-28a5b456 elementor-widget elementor-widget-text-editor\" data-id=\"28a5b456\" data-element_type=\"widget\" data-e-type=\"widget\" data-widget_type=\"text-editor.default\">\n\t\t\t\t<div class=\"elementor-widget-container\">\n\t\t\t\t\t\t\t\t\t<p>La physioth\u00e9rapie du sport est d\u00e9di\u00e9e aux soins et au traitement des blessures pouvant survenir chez les sportifs et les personnes physiquement actives. Cette discipline se concentre sur la <b>pr\u00e9vention des blessures, l&rsquo;acc\u00e9l\u00e9ration de la r\u00e9cup\u00e9ration et l&rsquo;am\u00e9lioration des performances<\/b> sportives des patients.<\/p>\n\t\t\t\t\t\t\t\t<\/div>\n\t\t\t\t<\/div>\n\t\t\t\t<div class=\"elementor-element elementor-element-1ebf2c43 elementor-widget elementor-widget-heading\" data-id=\"1ebf2c43\" data-element_type=\"widget\" data-e-type=\"widget\" data-widget_type=\"heading.default\">\n\t\t\t\t<div class=\"elementor-widget-container\">\n\t\t\t\t\t<h3 class=\"elementor-heading-title elementor-size-default\">Comment travaillez-nous ?<\/h3>\t\t\t\t<\/div>\n\t\t\t\t<\/div>\n\t\t\t\t<section class=\"elementor-section elementor-inner-section elementor-element elementor-element-f1b9ea7 elementor-section-boxed elementor-section-height-default elementor-section-height-default\" data-id=\"f1b9ea7\" data-element_type=\"section\" data-e-type=\"section\">\n\t\t\t\t\t\t<div class=\"elementor-container elementor-column-gap-default\">\n\t\t\t\t\t<div class=\"elementor-column elementor-col-100 elementor-inner-column elementor-element elementor-element-b454067\" data-id=\"b454067\" data-element_type=\"column\" data-e-type=\"column\">\n\t\t\t<div class=\"elementor-widget-wrap elementor-element-populated\">\n\t\t\t\t\t\t<div class=\"elementor-element elementor-element-4dfc98c elementor-widget elementor-widget-text-editor\" data-id=\"4dfc98c\" data-element_type=\"widget\" data-e-type=\"widget\" data-widget_type=\"text-editor.default\">\n\t\t\t\t<div class=\"elementor-widget-container\">\n\t\t\t\t\t\t\t\t\t<ul>\n<li>\u00c9valuation d\u00e9taill\u00e9e des blessures <\/li>\n<li>Conception d\u2019un plan de traitement sp\u00e9cifique pour chaque patient et sport<\/li>\n<li>Th\u00e9rapie manuelle<\/li>\n<li>Exercices d&rsquo;\u00e9tirement et de renforcement <\/li>\n<li>th\u00e9rapie par le chaud et le froid<\/li>\n<li>massages<\/li>\n<\/ul>\n\t\t\t\t\t\t\t\t<\/div>\n\t\t\t\t<\/div>\n\t\t\t\t\t<\/div>\n\t\t<\/div>\n\t\t\t\t\t<\/div>\n\t\t<\/section>\n\t\t\t\t<div class=\"elementor-element elementor-element-347a0c9 elementor-widget elementor-widget-text-editor\" data-id=\"347a0c9\" data-element_type=\"widget\" data-e-type=\"widget\" data-widget_type=\"text-editor.default\">\n\t\t\t\t<div class=\"elementor-widget-container\">\n\t\t\t\t\t\t\t\t\t<p>Selon les besoins de notre patient, du <strong>Centro de Fisioterapia ELOE<\/strong> nous approchons la meilleure solution pour lui.<\/p>\n\t\t\t\t\t\t\t\t<\/div>\n\t\t\t\t<\/div>\n\t\t\t\t<div class=\"elementor-element elementor-element-d6dff8f elementor-widget elementor-widget-heading\" data-id=\"d6dff8f\" data-element_type=\"widget\" data-e-type=\"widget\" data-widget_type=\"heading.default\">\n\t\t\t\t<div class=\"elementor-widget-container\">\n\t\t\t\t\t<h3 class=\"elementor-heading-title elementor-size-default\">Pourquoi est-ce?<\/h3>\t\t\t\t<\/div>\n\t\t\t\t<\/div>\n\t\t\t\t<div class=\"elementor-element elementor-element-f86c9ce elementor-widget elementor-widget-text-editor\" data-id=\"f86c9ce\" data-element_type=\"widget\" data-e-type=\"widget\" data-widget_type=\"text-editor.default\">\n\t\t\t\t<div class=\"elementor-widget-container\">\n\t\t\t\t\t\t\t\t\t<ul>\n<li>Pr\u00e9vention des blessures<\/li>\n<li>Traitement des blessures<\/li>\n<li>Am\u00e9lioration des performances<\/li>\n<li>R\u00e9\u00e9ducation post-op\u00e9ratoire<\/li>\n<\/ul>\n\t\t\t\t\t\t\t\t<\/div>\n\t\t\t\t<\/div>\n\t\t\t\t\t<\/div>\n\t\t<\/div>\n\t\t\t\t<div class=\"elementor-column elementor-col-50 elementor-top-column elementor-element elementor-element-5eaa6bac\" data-id=\"5eaa6bac\" data-element_type=\"column\" data-e-type=\"column\">\n\t\t\t<div class=\"elementor-widget-wrap elementor-element-populated\">\n\t\t\t\t\t\t<div class=\"elementor-element elementor-element-51a09bce elementor-invisible elementor-widget elementor-widget-image\" data-id=\"51a09bce\" data-element_type=\"widget\" data-e-type=\"widget\" data-settings=\"{&quot;_animation&quot;:&quot;zoomIn&quot;}\" data-widget_type=\"image.default\">\n\t\t\t\t<div class=\"elementor-widget-container\">\n\t\t\t\t\t\t\t\t\t\t\t\t\t\t\t<img fetchpriority=\"high\" decoding=\"async\" width=\"1281\" height=\"1920\" src=\"https:\/\/centroeloe.com\/wp-content\/uploads\/man-woman-or-physiotherapy-on-arm-injury-back-te-2022-12-29-04-26-13-utc1.jpg\" class=\"attachment-full size-full wp-image-1202\" alt=\"\" srcset=\"https:\/\/centroeloe.com\/wp-content\/uploads\/man-woman-or-physiotherapy-on-arm-injury-back-te-2022-12-29-04-26-13-utc1.jpg 1281w, https:\/\/centroeloe.com\/wp-content\/uploads\/man-woman-or-physiotherapy-on-arm-injury-back-te-2022-12-29-04-26-13-utc1-200x300.jpg 200w, https:\/\/centroeloe.com\/wp-content\/uploads\/man-woman-or-physiotherapy-on-arm-injury-back-te-2022-12-29-04-26-13-utc1-683x1024.jpg 683w, https:\/\/centroeloe.com\/wp-content\/uploads\/man-woman-or-physiotherapy-on-arm-injury-back-te-2022-12-29-04-26-13-utc1-768x1151.jpg 768w, https:\/\/centroeloe.com\/wp-content\/uploads\/man-woman-or-physiotherapy-on-arm-injury-back-te-2022-12-29-04-26-13-utc1-1025x1536.jpg 1025w\" sizes=\"(max-width: 1281px) 100vw, 1281px\" \/>\t\t\t\t\t\t\t\t\t\t\t\t\t\t\t<\/div>\n\t\t\t\t<\/div>\n\t\t\t\t\t<\/div>\n\t\t<\/div>\n\t\t\t\t\t<\/div>\n\t\t<\/section>\n\t\t\t\t<section class=\"elementor-section elementor-top-section elementor-element elementor-element-75c3caa elementor-section-boxed elementor-section-height-default elementor-section-height-default\" data-id=\"75c3caa\" data-element_type=\"section\" data-e-type=\"section\" data-settings=\"{&quot;background_background&quot;:&quot;classic&quot;}\">\n\t\t\t\t\t\t\t<div class=\"elementor-background-overlay\"><\/div>\n\t\t\t\t\t\t\t<div class=\"elementor-container elementor-column-gap-no\">\n\t\t\t\t\t<div class=\"elementor-column elementor-col-100 elementor-top-column elementor-element elementor-element-7687c76\" data-id=\"7687c76\" data-element_type=\"column\" data-e-type=\"column\">\n\t\t\t<div class=\"elementor-widget-wrap elementor-element-populated\">\n\t\t\t\t\t\t<div class=\"elementor-element elementor-element-d2fb23c elementor-widget elementor-widget-heading\" data-id=\"d2fb23c\" data-element_type=\"widget\" data-e-type=\"widget\" data-widget_type=\"heading.default\">\n\t\t\t\t<div class=\"elementor-widget-container\">\n\t\t\t\t\t<h2 class=\"elementor-heading-title elementor-size-default\">Pouvons-nous vous aider ?<\/h2>\t\t\t\t<\/div>\n\t\t\t\t<\/div>\n\t\t\t\t<div class=\"elementor-element elementor-element-c90d015 elementor-widget-divider--view-line elementor-widget elementor-widget-divider\" data-id=\"c90d015\" data-element_type=\"widget\" data-e-type=\"widget\" data-widget_type=\"divider.default\">\n\t\t\t\t<div class=\"elementor-widget-container\">\n\t\t\t\t\t\t\t<div class=\"elementor-divider\">\n\t\t\t<span class=\"elementor-divider-separator\">\n\t\t\t\t\t\t<\/span>\n\t\t<\/div>\n\t\t\t\t\t\t<\/div>\n\t\t\t\t<\/div>\n\t\t\t\t<div class=\"elementor-element elementor-element-a2d6214 elementor-widget elementor-widget-text-editor\" data-id=\"a2d6214\" data-element_type=\"widget\" data-e-type=\"widget\" data-widget_type=\"text-editor.default\">\n\t\t\t\t<div class=\"elementor-widget-container\">\n\t\t\t\t\t\t\t\t\t<p>Appelez maintenant et demandez plus d&rsquo;informations<\/p>\n\t\t\t\t\t\t\t\t<\/div>\n\t\t\t\t<\/div>\n\t\t\t\t<div class=\"elementor-element elementor-element-a62e195 elementor-align-center elementor-widget elementor-widget-button\" data-id=\"a62e195\" data-element_type=\"widget\" data-e-type=\"widget\" data-widget_type=\"button.default\">\n\t\t\t\t<div class=\"elementor-widget-container\">\n\t\t\t\t\t\t\t\t\t<div class=\"elementor-button-wrapper\">\n\t\t\t\t\t<a class=\"elementor-button elementor-button-link elementor-size-sm\" href=\"https:\/\/centroeloe.com\/fr\/rendez-vous-en-ligne\/\">\n\t\t\t\t\t\t<span class=\"elementor-button-content-wrapper\">\n\t\t\t\t\t\t\t\t\t<span class=\"elementor-button-text\">rendez-vous en ligne<\/span>\n\t\t\t\t\t<\/span>\n\t\t\t\t\t<\/a>\n\t\t\t\t<\/div>\n\t\t\t\t\t\t\t\t<\/div>\n\t\t\t\t<\/div>\n\t\t\t\t\t<\/div>\n\t\t<\/div>\n\t\t\t\t\t<\/div>\n\t\t<\/section>\n\t\t\t\t<\/div>\n\t\t","protected":false},"excerpt":{"rendered":"<p>Qu&rsquo;est-ce que c&rsquo;est ? La physioth\u00e9rapie du sport est d\u00e9di\u00e9e aux soins et au traitement des blessures pouvant survenir chez les sportifs et les personnes physiquement actives. Cette discipline se concentre sur la pr\u00e9vention des blessures, l&rsquo;acc\u00e9l\u00e9ration de la r\u00e9cup\u00e9ration et l&rsquo;am\u00e9lioration des performances sportives des patients. Comment travaillez-nous ? \u00c9valuation d\u00e9taill\u00e9e des blessures Conception [&hellip;]<\/p>\n","protected":false},"author":1,"featured_media":1266,"parent":0,"menu_order":0,"comment_status":"closed","ping_status":"closed","template":"","meta":{"_acf_changed":false,"_monsterinsights_skip_tracking":false,"_monsterinsights_sitenote_active":false,"_monsterinsights_sitenote_note":"","_monsterinsights_sitenote_category":0,"_uf_show_specific_survey":0,"_uf_disable_surveys":false,"footnotes":""},"class_list":["post-1751","page","type-page","status-publish","has-post-thumbnail","hentry"],"acf":[],"_links":{"self":[{"href":"https:\/\/centroeloe.com\/fr\/wp-json\/wp\/v2\/pages\/1751","targetHints":{"allow":["GET"]}}],"collection":[{"href":"https:\/\/centroeloe.com\/fr\/wp-json\/wp\/v2\/pages"}],"about":[{"href":"https:\/\/centroeloe.com\/fr\/wp-json\/wp\/v2\/types\/page"}],"author":[{"embeddable":true,"href":"https:\/\/centroeloe.com\/fr\/wp-json\/wp\/v2\/users\/1"}],"replies":[{"embeddable":true,"href":"https:\/\/centroeloe.com\/fr\/wp-json\/wp\/v2\/comments?post=1751"}],"version-history":[{"count":3,"href":"https:\/\/centroeloe.com\/fr\/wp-json\/wp\/v2\/pages\/1751\/revisions"}],"predecessor-version":[{"id":1754,"href":"https:\/\/centroeloe.com\/fr\/wp-json\/wp\/v2\/pages\/1751\/revisions\/1754"}],"wp:featuredmedia":[{"embeddable":true,"href":"https:\/\/centroeloe.com\/fr\/wp-json\/wp\/v2\/media\/1266"}],"wp:attachment":[{"href":"https:\/\/centroeloe.com\/fr\/wp-json\/wp\/v2\/media?parent=1751"}],"curies":[{"name":"wp","href":"https:\/\/api.w.org\/{rel}","templated":true}]}}