{"id":1729,"date":"2023-10-17T10:59:30","date_gmt":"2023-10-17T08:59:30","guid":{"rendered":"https:\/\/centroeloe.com\/douleurs-corporelles\/"},"modified":"2026-02-26T23:08:43","modified_gmt":"2026-02-26T22:08:43","slug":"physiotherapieetdouleurscorporelles","status":"publish","type":"page","link":"https:\/\/centroeloe.com\/fr\/physiotherapieetdouleurscorporelles\/","title":{"rendered":"Physioth\u00e9rapie et douleurs corporelles"},"content":{"rendered":"\t\t<div data-elementor-type=\"wp-page\" data-elementor-id=\"1729\" class=\"elementor elementor-1729 elementor-529\" data-elementor-post-type=\"page\">\n\t\t\t\t\t\t<section class=\"elementor-section elementor-top-section elementor-element elementor-element-2d796299 elementor-section-boxed elementor-section-height-default elementor-section-height-default\" data-id=\"2d796299\" data-element_type=\"section\" data-e-type=\"section\" data-settings=\"{&quot;background_background&quot;:&quot;classic&quot;}\">\n\t\t\t\t\t\t\t<div class=\"elementor-background-overlay\"><\/div>\n\t\t\t\t\t\t\t<div class=\"elementor-container elementor-column-gap-default\">\n\t\t\t\t\t<div class=\"elementor-column elementor-col-100 elementor-top-column elementor-element elementor-element-60cc7dba\" data-id=\"60cc7dba\" data-element_type=\"column\" data-e-type=\"column\">\n\t\t\t<div class=\"elementor-widget-wrap elementor-element-populated\">\n\t\t\t\t\t\t<div class=\"elementor-element elementor-element-43f42f16 elementor-widget elementor-widget-heading\" data-id=\"43f42f16\" data-element_type=\"widget\" data-e-type=\"widget\" data-widget_type=\"heading.default\">\n\t\t\t\t<div class=\"elementor-widget-container\">\n\t\t\t\t\t<h1 class=\"elementor-heading-title elementor-size-default\">Physioth\u00e9rapie et douleurs corporelles<\/h1>\t\t\t\t<\/div>\n\t\t\t\t<\/div>\n\t\t\t\t\t<\/div>\n\t\t<\/div>\n\t\t\t\t\t<\/div>\n\t\t<\/section>\n\t\t<div class=\"elementor-element elementor-element-98040c5 e-flex e-con-boxed e-con e-parent\" data-id=\"98040c5\" data-element_type=\"container\" data-e-type=\"container\">\n\t\t\t\t\t<div class=\"e-con-inner\">\n\t\t\t\t<div class=\"elementor-element elementor-element-faac4f9 elementor-widget elementor-widget-text-editor\" data-id=\"faac4f9\" data-element_type=\"widget\" data-e-type=\"widget\" data-widget_type=\"text-editor.default\">\n\t\t\t\t<div class=\"elementor-widget-container\">\n\t\t\t\t\t\t\t\t\t<p> <\/p><h2>Physioth\u00e9rapie avanc\u00e9e \u00e0 El Campello : Adieu \u00e0 la douleur gr\u00e2ce \u00e0 la technologie et aux preuves scientifiques<\/h2><div> <\/div><p data-path-to-node=\"3\">Vivez-vous avec une douleur qui ne veut pas dispara\u00eetre ? Qu&rsquo;il s&rsquo;agisse d&rsquo;un malaise lombaire chronique, d&rsquo;une blessure sportive ou d&rsquo;une douleur \u00e0 l&rsquo;\u00e9paule qui limite votre vie quotidienne, au <b data-path-to-node=\"3\" data-index-in-node=\"148\">centre de physioth\u00e9rapie ELOE d&rsquo;El Campello<\/b>, nous savons que les solutions temporaires ne suffisent pas \u00e0 vous soulager. Il est le fruit de la science, de la technologie et d&rsquo;une feuille de route personnalis\u00e9e.  <\/p><p data-path-to-node=\"3\">Notre approche combine une <b data-path-to-node=\"4\" data-index-in-node=\"27\">physioth\u00e9rapie manuelle de haute qualit\u00e9<\/b> avec les outils technologiques les plus puissants de l&rsquo;industrie, tels que la radiofr\u00e9quence <b data-path-to-node=\"4\" data-index-in-node=\"146\">INDIBA\u00ae<\/b>, la <b data-path-to-node=\"4\" data-index-in-node=\"158\">neuromodulation percutan\u00e9e<\/b> et les <b data-path-to-node=\"4\" data-index-in-node=\"190\">ultrasons<\/b>, pour vous donner des r\u00e9sultats l\u00e0 o\u00f9 d&rsquo;autres m\u00e9thodes \u00e9chouent.<\/p><h3>La physioth\u00e9rapie au 21e si\u00e8cle : au-del\u00e0 du massage<\/h3><p data-path-to-node=\"7\">La douleur corporelle est un signal d&rsquo;alarme de votre syst\u00e8me nerveux. Pour l&rsquo;\u00e9teindre en toute s\u00e9curit\u00e9, il ne suffit pas de traiter le sympt\u00f4me, il faut intervenir sur la fonction tissulaire et neuromusculaire. Au Centre <b data-path-to-node=\"7\" data-index-in-node=\"194\">ELOE, El Campello (Alicante)<\/b>, nous appliquons les techniques les plus <b data-path-to-node=\"7\" data-index-in-node=\"244\">scientifiquement prouv\u00e9es<\/b> pour rendre votre r\u00e9tablissement plus rapide, indolore et durable.  <\/p><h3 data-path-to-node=\"8\">1) Radiofr\u00e9quence INDIBA\u00ae Activ : Acc\u00e9l\u00e9rez votre gu\u00e9rison<\/h3><p data-path-to-node=\"9\">INDIBA est la r\u00e9f\u00e9rence en mati\u00e8re de r\u00e9\u00e9ducation d&rsquo;\u00e9lite. Il ne s&rsquo;agit pas d&rsquo;un simple appareil de chauffage, mais d&rsquo;une technologie qui fonctionne \u00e0 une fr\u00e9quence sp\u00e9cifique<span class=\"math-inline\" data-math=\"448\" data-index-in-node=\"152\">(448<\/span> kHz) pour mobiliser les ions au niveau cellulaire. <\/p><ul data-path-to-node=\"10\"><li><p data-path-to-node=\"10,0,0\"><b data-path-to-node=\"10,0,0\" data-index-in-node=\"0\">En quoi cela vous aide-t-il ?<\/b>  Il r\u00e9duit la douleur et l&rsquo;inflammation d\u00e8s la premi\u00e8re s\u00e9ance. Il est id\u00e9al pour traiter tous les probl\u00e8mes, des d\u00e9chirures musculaires et tendinopathies aux processus d&rsquo;arthrose, en acc\u00e9l\u00e9rant la r\u00e9g\u00e9n\u00e9ration des tissus endommag\u00e9s. <\/p><\/li><li><p data-path-to-node=\"10,1,0\"><b data-path-to-node=\"10,1,0\" data-index-in-node=\"0\">Principal avantage :<\/b> moins de temps d&rsquo;arr\u00eat de travail et un retour plus rapide \u00e0 vos activit\u00e9s \u00e0 El Campello.<\/p><\/li><\/ul><h3 data-path-to-node=\"11\">2. neuromodulation percutan\u00e9e : r\u00e9initialisation de votre syst\u00e8me nerveux<\/h3><p data-path-to-node=\"12\">Lorsque la douleur devient chronique, le syst\u00e8me nerveux est \u00ab\u00a0sensibilis\u00e9\u00a0\u00bb. La neuromodulation est une technique peu invasive et tr\u00e8s efficace qui consiste \u00e0 appliquer des stimuli \u00e9lectriques sans danger \u00e0 des points n\u00e9vralgiques cl\u00e9s. <\/p><ul data-path-to-node=\"13\"><li><p data-path-to-node=\"13,0,0\"><b data-path-to-node=\"13,0,0\" data-index-in-node=\"0\">Preuve scientifique :<\/b> cette technique module l&rsquo;activit\u00e9 du syst\u00e8me nerveux p\u00e9riph\u00e9rique et central, am\u00e9liorant le tonus musculaire et \u00e9liminant les sch\u00e9mas douloureux qui tra\u00eenent depuis des mois ou des ann\u00e9es.<\/p><\/li><li><p data-path-to-node=\"13,1,0\"><b data-path-to-node=\"13,1,0\" data-index-in-node=\"0\">Au Centro ELOE :<\/b> nous r\u00e9alisons toujours cette technique sous <b data-path-to-node=\"13,1,0\" data-index-in-node=\"46\">guidage \u00e9chographique<\/b>, ce qui garantit une pr\u00e9cision et une s\u00e9curit\u00e9 maximales pour le patient.<\/p><\/li><\/ul><h3 data-path-to-node=\"14\">3. L&rsquo;\u00e9chographie musculo-squelettique : l&rsquo;\u0153il du physioth\u00e9rapeute.<\/h3><p data-path-to-node=\"15\">Dans notre centre d&rsquo;El Campello, nous ne laissons rien au hasard. L&rsquo;\u00e9chographie nous permet d&rsquo;effectuer une \u00e9valuation objective de vos l\u00e9sions en temps r\u00e9el. <\/p><ul data-path-to-node=\"16\"><li><p data-path-to-node=\"16,0,0\">On peut voir l&rsquo;\u00e9tat r\u00e9el d&rsquo;un tendon, une rupture de fibrille ou une calcification.<\/p><\/li><li><p data-path-to-node=\"16,1,0\">Il nous permet d&rsquo;appliquer des techniques invasives (telles que l&rsquo;aiguillage \u00e0 sec ou la neuromodulation) avec une <b data-path-to-node=\"16,1,0\" data-index-in-node=\"90\">pr\u00e9cision de 100 %<\/b>, en ciblant exactement le bon tissu.<\/p><\/li><\/ul><h2 data-path-to-node=\"18\">Pourquoi choisir le centre ELOE \u00e0 El Campello ?<\/h2><p data-path-to-node=\"19\">Nous comprenons qu&rsquo;il existe de nombreuses options de <b data-path-to-node=\"19\" data-index-in-node=\"38\">physioth\u00e9rapie \u00e0 Alicante<\/b>, mais \u00e0 ELOE, nous avons con\u00e7u un espace o\u00f9 les preuves scientifiques rencontrent la chaleur humaine.<\/p><ol start=\"1\" data-path-to-node=\"20\"><li><p data-path-to-node=\"20,0,0\"><b data-path-to-node=\"20,0,0\" data-index-in-node=\"0\">Traitements individualis\u00e9s :<\/b> ici, vous n&rsquo;\u00eates pas un num\u00e9ro. Chaque s\u00e9ance vous est exclusivement consacr\u00e9e, en analysant vos progr\u00e8s et en ajustant les techniques en fonction de votre \u00e9volution. <\/p><\/li><li><p data-path-to-node=\"20,1,0\"><b data-path-to-node=\"20,1,0\" data-index-in-node=\"0\">Sp\u00e9cialistes des douleurs complexes :<\/b> nous sommes experts dans le traitement des pathologies de la colonne vert\u00e9brale (hernies, sciatique), des blessures sportives de haut niveau et des douleurs chroniques persistantes.<\/p><\/li><li><p data-path-to-node=\"20,2,0\"><b data-path-to-node=\"20,2,0\" data-index-in-node=\"0\">Situ\u00e9 \u00e0 El Campello :<\/b> Un environnement paisible et professionnel, con\u00e7u pour faire de votre processus de r\u00e9habilitation une exp\u00e9rience positive du d\u00e9but \u00e0 la fin.<\/p><\/li><\/ol><h2 data-path-to-node=\"22\">Physioth\u00e9rapie fond\u00e9e sur la science : votre sant\u00e9 m\u00e9rite la rigueur<\/h2><p data-path-to-node=\"23\">La physioth\u00e9rapie moderne a \u00e9volu\u00e9. Il ne s&rsquo;agit plus seulement de \u00ab\u00a0broyer\u00a0\u00bb les os ou d&rsquo;appliquer des courants passifs. Chez ELOE, nous int\u00e9grons l&rsquo;<b data-path-to-node=\"23\" data-index-in-node=\"133\">exercice th\u00e9rapeutique<\/b> comme le dernier pilier de votre r\u00e9tablissement. Des technologies telles que l&rsquo;<b data-path-to-node=\"23\" data-index-in-node=\"214\">INDIBA<\/b> ou la <b data-path-to-node=\"23\" data-index-in-node=\"226\">neuromodulation<\/b> ouvrent une \u00ab\u00a0fen\u00eatre d&rsquo;opportunit\u00e9\u00a0\u00bb sans douleur, que nous utilisons pour r\u00e9\u00e9duquer vos mouvements et renforcer votre corps.   <\/p><blockquote data-path-to-node=\"24\"><p data-path-to-node=\"24,0\"><b data-path-to-node=\"24,0\" data-index-in-node=\"0\">Notre engagement :<\/b> appliquer uniquement ce qui fonctionne. Nous basons notre pratique clinique sur les derni\u00e8res \u00e9tudes internationales pour vous offrir la physioth\u00e9rapie la plus efficace dans la r\u00e9gion d&rsquo;El Campello et de Muchavista. <\/p><\/blockquote><h3>Pr\u00eat \u00e0 laisser la douleur derri\u00e8re vous ?<\/h3><p data-path-to-node=\"27\">Ne laissez pas les douleurs corporelles vous dicter ce que vous pouvez ou ne pouvez pas faire. Que vous souhaitiez reprendre la course \u00e0 pied, travailler sans g\u00eane ou simplement passer une bonne nuit de sommeil, l&rsquo;\u00e9quipe du <b data-path-to-node=\"27\" data-index-in-node=\"179\">Centro ELOE<\/b> a la solution technologique et humaine qu&rsquo;il vous faut. <\/p><h3>Contact avec ELOE El Campello<\/h3><p data-path-to-node=\"29\">Nous sommes au c\u0153ur d&rsquo;El Campello, pr\u00eats \u00e0 proc\u00e9der \u00e0 votre premi\u00e8re \u00e9valuation.<\/p><p data-path-to-node=\"29\"><a href=\"https:\/\/centroeloe.com\/fr\/rendez-vous-en-ligne\/\"><b data-path-to-node=\"29\" data-index-in-node=\"82\">Prenez rendez-vous d\u00e8s aujourd&rsquo;hui et d\u00e9couvrez la puissance de la physioth\u00e9rapie avanc\u00e9e !<\/b><\/a><\/p>\t\t\t\t\t\t\t\t<\/div>\n\t\t\t\t<\/div>\n\t\t\t\t<div class=\"elementor-element elementor-element-189c634 elementor-widget-divider--view-line elementor-widget elementor-widget-divider\" data-id=\"189c634\" data-element_type=\"widget\" data-e-type=\"widget\" data-widget_type=\"divider.default\">\n\t\t\t\t<div class=\"elementor-widget-container\">\n\t\t\t\t\t\t\t<div class=\"elementor-divider\">\n\t\t\t<span class=\"elementor-divider-separator\">\n\t\t\t\t\t\t<\/span>\n\t\t<\/div>\n\t\t\t\t\t\t<\/div>\n\t\t\t\t<\/div>\n\t\t<div class=\"elementor-element elementor-element-40071b9 e-con-full e-flex e-con e-child\" data-id=\"40071b9\" data-element_type=\"container\" data-e-type=\"container\">\n\t\t\t\t<\/div>\n\t\t\t\t\t<\/div>\n\t\t\t\t<\/div>\n\t\t<div class=\"elementor-element elementor-element-9df3ead e-flex e-con-boxed e-con e-parent\" data-id=\"9df3ead\" data-element_type=\"container\" data-e-type=\"container\">\n\t\t\t\t\t<div class=\"e-con-inner\">\n\t\t\t\t\t<\/div>\n\t\t\t\t<\/div>\n\t\t\t\t<section class=\"elementor-section elementor-top-section elementor-element elementor-element-75c3caa elementor-section-boxed elementor-section-height-default elementor-section-height-default\" data-id=\"75c3caa\" data-element_type=\"section\" data-e-type=\"section\" data-settings=\"{&quot;background_background&quot;:&quot;classic&quot;}\">\n\t\t\t\t\t\t\t<div class=\"elementor-background-overlay\"><\/div>\n\t\t\t\t\t\t\t<div class=\"elementor-container elementor-column-gap-no\">\n\t\t\t\t\t<div class=\"elementor-column elementor-col-100 elementor-top-column elementor-element elementor-element-7687c76\" data-id=\"7687c76\" data-element_type=\"column\" data-e-type=\"column\">\n\t\t\t<div class=\"elementor-widget-wrap elementor-element-populated\">\n\t\t\t\t\t\t<div class=\"elementor-element elementor-element-d2fb23c elementor-widget elementor-widget-heading\" data-id=\"d2fb23c\" data-element_type=\"widget\" data-e-type=\"widget\" data-widget_type=\"heading.default\">\n\t\t\t\t<div class=\"elementor-widget-container\">\n\t\t\t\t\t<h2 class=\"elementor-heading-title elementor-size-default\">Pouvons-nous vous aider ?<\/h2>\t\t\t\t<\/div>\n\t\t\t\t<\/div>\n\t\t\t\t<div class=\"elementor-element elementor-element-c90d015 elementor-widget-divider--view-line elementor-widget elementor-widget-divider\" data-id=\"c90d015\" data-element_type=\"widget\" data-e-type=\"widget\" data-widget_type=\"divider.default\">\n\t\t\t\t<div class=\"elementor-widget-container\">\n\t\t\t\t\t\t\t<div class=\"elementor-divider\">\n\t\t\t<span class=\"elementor-divider-separator\">\n\t\t\t\t\t\t<\/span>\n\t\t<\/div>\n\t\t\t\t\t\t<\/div>\n\t\t\t\t<\/div>\n\t\t\t\t<div class=\"elementor-element elementor-element-a2d6214 elementor-widget elementor-widget-text-editor\" data-id=\"a2d6214\" data-element_type=\"widget\" data-e-type=\"widget\" data-widget_type=\"text-editor.default\">\n\t\t\t\t<div class=\"elementor-widget-container\">\n\t\t\t\t\t\t\t\t\t<p>Appelez maintenant et demandez plus d&rsquo;informations<br><\/p>\t\t\t\t\t\t\t\t<\/div>\n\t\t\t\t<\/div>\n\t\t\t\t<div class=\"elementor-element elementor-element-a62e195 elementor-align-center elementor-widget elementor-widget-button\" data-id=\"a62e195\" data-element_type=\"widget\" data-e-type=\"widget\" data-widget_type=\"button.default\">\n\t\t\t\t<div class=\"elementor-widget-container\">\n\t\t\t\t\t\t\t\t\t<div class=\"elementor-button-wrapper\">\n\t\t\t\t\t<a class=\"elementor-button elementor-button-link elementor-size-sm\" href=\"https:\/\/centroeloe.com\/fr\/rendez-vous-en-ligne\/\">\n\t\t\t\t\t\t<span class=\"elementor-button-content-wrapper\">\n\t\t\t\t\t\t\t\t\t<span class=\"elementor-button-text\">rendez-vous en ligne<\/span>\n\t\t\t\t\t<\/span>\n\t\t\t\t\t<\/a>\n\t\t\t\t<\/div>\n\t\t\t\t\t\t\t\t<\/div>\n\t\t\t\t<\/div>\n\t\t\t\t\t<\/div>\n\t\t<\/div>\n\t\t\t\t\t<\/div>\n\t\t<\/section>\n\t\t<div class=\"elementor-element elementor-element-58f3345 e-flex e-con-boxed e-con e-parent\" data-id=\"58f3345\" data-element_type=\"container\" data-e-type=\"container\" data-settings=\"{&quot;background_background&quot;:&quot;classic&quot;}\">\n\t\t\t\t\t<div class=\"e-con-inner\">\n\t\t<div class=\"elementor-element elementor-element-fe05107 e-con-full e-flex e-con e-child\" data-id=\"fe05107\" data-element_type=\"container\" data-e-type=\"container\">\n\t\t\t\t<div class=\"elementor-element elementor-element-1f04bb7 elementor-widget elementor-widget-heading\" data-id=\"1f04bb7\" data-element_type=\"widget\" data-e-type=\"widget\" data-widget_type=\"heading.default\">\n\t\t\t\t<div class=\"elementor-widget-container\">\n\t\t\t\t\t<h2 class=\"elementor-heading-title elementor-size-default\">Pouvons-nous vous aider ?<\/h2>\t\t\t\t<\/div>\n\t\t\t\t<\/div>\n\t\t\t\t<div class=\"elementor-element elementor-element-f6238c2 elementor-widget-divider--view-line elementor-widget elementor-widget-divider\" data-id=\"f6238c2\" data-element_type=\"widget\" data-e-type=\"widget\" data-widget_type=\"divider.default\">\n\t\t\t\t<div class=\"elementor-widget-container\">\n\t\t\t\t\t\t\t<div class=\"elementor-divider\">\n\t\t\t<span class=\"elementor-divider-separator\">\n\t\t\t\t\t\t<\/span>\n\t\t<\/div>\n\t\t\t\t\t\t<\/div>\n\t\t\t\t<\/div>\n\t\t\t\t<div class=\"elementor-element elementor-element-78fad52 elementor-widget elementor-widget-text-editor\" data-id=\"78fad52\" data-element_type=\"widget\" data-e-type=\"widget\" data-widget_type=\"text-editor.default\">\n\t\t\t\t<div class=\"elementor-widget-container\">\n\t\t\t\t\t\t\t\t\t<p>Appelez maintenant et demandez plus d&rsquo;informations<br><\/p>\t\t\t\t\t\t\t\t<\/div>\n\t\t\t\t<\/div>\n\t\t\t\t<div class=\"elementor-element elementor-element-9f5b867 elementor-align-center elementor-widget elementor-widget-button\" data-id=\"9f5b867\" data-element_type=\"widget\" data-e-type=\"widget\" data-widget_type=\"button.default\">\n\t\t\t\t<div class=\"elementor-widget-container\">\n\t\t\t\t\t\t\t\t\t<div class=\"elementor-button-wrapper\">\n\t\t\t\t\t<a class=\"elementor-button elementor-button-link elementor-size-sm\" href=\"https:\/\/centroeloe.com\/fr\/rendez-vous-en-ligne\/\">\n\t\t\t\t\t\t<span class=\"elementor-button-content-wrapper\">\n\t\t\t\t\t\t\t\t\t<span class=\"elementor-button-text\">rendez-vous en ligne<\/span>\n\t\t\t\t\t<\/span>\n\t\t\t\t\t<\/a>\n\t\t\t\t<\/div>\n\t\t\t\t\t\t\t\t<\/div>\n\t\t\t\t<\/div>\n\t\t\t\t<\/div>\n\t\t\t\t\t<\/div>\n\t\t\t\t<\/div>\n\t\t\t\t<\/div>\n\t\t","protected":false},"excerpt":{"rendered":"<p>Physioth\u00e9rapie avanc\u00e9e \u00e0 El Campello : Adieu \u00e0 la douleur gr\u00e2ce \u00e0 la technologie et aux preuves scientifiques Vivez-vous avec une douleur qui ne veut pas dispara\u00eetre ? Qu&rsquo;il s&rsquo;agisse d&rsquo;un malaise lombaire chronique, d&rsquo;une blessure sportive ou d&rsquo;une douleur \u00e0 l&rsquo;\u00e9paule qui limite votre vie quotidienne, au centre de physioth\u00e9rapie ELOE d&rsquo;El Campello, nous [&hellip;]<\/p>\n","protected":false},"author":1,"featured_media":2473,"parent":0,"menu_order":0,"comment_status":"closed","ping_status":"closed","template":"","meta":{"_acf_changed":false,"_monsterinsights_skip_tracking":false,"_monsterinsights_sitenote_active":false,"_monsterinsights_sitenote_note":"","_monsterinsights_sitenote_category":0,"_uf_show_specific_survey":0,"_uf_disable_surveys":false,"footnotes":""},"class_list":["post-1729","page","type-page","status-publish","has-post-thumbnail","hentry"],"acf":[],"_links":{"self":[{"href":"https:\/\/centroeloe.com\/fr\/wp-json\/wp\/v2\/pages\/1729","targetHints":{"allow":["GET"]}}],"collection":[{"href":"https:\/\/centroeloe.com\/fr\/wp-json\/wp\/v2\/pages"}],"about":[{"href":"https:\/\/centroeloe.com\/fr\/wp-json\/wp\/v2\/types\/page"}],"author":[{"embeddable":true,"href":"https:\/\/centroeloe.com\/fr\/wp-json\/wp\/v2\/users\/1"}],"replies":[{"embeddable":true,"href":"https:\/\/centroeloe.com\/fr\/wp-json\/wp\/v2\/comments?post=1729"}],"version-history":[{"count":10,"href":"https:\/\/centroeloe.com\/fr\/wp-json\/wp\/v2\/pages\/1729\/revisions"}],"predecessor-version":[{"id":3991,"href":"https:\/\/centroeloe.com\/fr\/wp-json\/wp\/v2\/pages\/1729\/revisions\/3991"}],"wp:featuredmedia":[{"embeddable":true,"href":"https:\/\/centroeloe.com\/fr\/wp-json\/wp\/v2\/media\/2473"}],"wp:attachment":[{"href":"https:\/\/centroeloe.com\/fr\/wp-json\/wp\/v2\/media?parent=1729"}],"curies":[{"name":"wp","href":"https:\/\/api.w.org\/{rel}","templated":true}]}}