{"id":1721,"date":"2023-03-23T09:35:15","date_gmt":"2023-03-23T08:35:15","guid":{"rendered":"https:\/\/centroeloe.com\/douleur-a-la-machoire-atm\/"},"modified":"2026-02-16T23:00:21","modified_gmt":"2026-02-16T22:00:21","slug":"douleur-a-la-machoire-atm","status":"publish","type":"page","link":"https:\/\/centroeloe.com\/fr\/douleur-a-la-machoire-atm\/","title":{"rendered":"Douleurs temporo-mandibulaires de l&rsquo;articulation temporo-mandibulaire"},"content":{"rendered":"\t\t<div data-elementor-type=\"wp-page\" data-elementor-id=\"1721\" class=\"elementor elementor-1721 elementor-1450\" data-elementor-post-type=\"page\">\n\t\t\t\t\t\t<section class=\"elementor-section elementor-top-section elementor-element elementor-element-2d796299 elementor-section-boxed elementor-section-height-default elementor-section-height-default\" data-id=\"2d796299\" data-element_type=\"section\" data-e-type=\"section\" data-settings=\"{&quot;background_background&quot;:&quot;classic&quot;}\">\n\t\t\t\t\t\t\t<div class=\"elementor-background-overlay\"><\/div>\n\t\t\t\t\t\t\t<div class=\"elementor-container elementor-column-gap-default\">\n\t\t\t\t\t<div class=\"elementor-column elementor-col-100 elementor-top-column elementor-element elementor-element-60cc7dba\" data-id=\"60cc7dba\" data-element_type=\"column\" data-e-type=\"column\">\n\t\t\t<div class=\"elementor-widget-wrap elementor-element-populated\">\n\t\t\t\t\t\t<div class=\"elementor-element elementor-element-43f42f16 elementor-widget elementor-widget-heading\" data-id=\"43f42f16\" data-element_type=\"widget\" data-e-type=\"widget\" data-widget_type=\"heading.default\">\n\t\t\t\t<div class=\"elementor-widget-container\">\n\t\t\t\t\t<h1 class=\"elementor-heading-title elementor-size-default\">Douleurs temporo-mandibulaires de l&rsquo;articulation temporo-mandibulaire<\/h1>\t\t\t\t<\/div>\n\t\t\t\t<\/div>\n\t\t\t\t\t<\/div>\n\t\t<\/div>\n\t\t\t\t\t<\/div>\n\t\t<\/section>\n\t\t\t\t<section class=\"elementor-section elementor-top-section elementor-element elementor-element-6f5f522 elementor-section-boxed elementor-section-height-default elementor-section-height-default\" data-id=\"6f5f522\" data-element_type=\"section\" data-e-type=\"section\">\n\t\t\t\t\t\t<div class=\"elementor-container elementor-column-gap-no\">\n\t\t\t\t\t<div class=\"elementor-column elementor-col-50 elementor-top-column elementor-element elementor-element-3e3104ff elementor-invisible\" data-id=\"3e3104ff\" data-element_type=\"column\" data-e-type=\"column\" data-settings=\"{&quot;animation&quot;:&quot;fadeInLeft&quot;}\">\n\t\t\t<div class=\"elementor-widget-wrap elementor-element-populated\">\n\t\t\t\t\t\t<div class=\"elementor-element elementor-element-13f6cee elementor-widget-divider--view-line elementor-widget elementor-widget-divider\" data-id=\"13f6cee\" data-element_type=\"widget\" data-e-type=\"widget\" data-widget_type=\"divider.default\">\n\t\t\t\t<div class=\"elementor-widget-container\">\n\t\t\t\t\t\t\t<div class=\"elementor-divider\">\n\t\t\t<span class=\"elementor-divider-separator\">\n\t\t\t\t\t\t<\/span>\n\t\t<\/div>\n\t\t\t\t\t\t<\/div>\n\t\t\t\t<\/div>\n\t\t\t\t<div class=\"elementor-element elementor-element-28a5b456 elementor-widget elementor-widget-text-editor\" data-id=\"28a5b456\" data-element_type=\"widget\" data-e-type=\"widget\" data-widget_type=\"text-editor.default\">\n\t\t\t\t<div class=\"elementor-widget-container\">\n\t\t\t\t\t\t\t\t\t<p>La physioth\u00e9rapie des <strong>douleurs temporo-mandibulaires<\/strong> est essentielle pour am\u00e9liorer la qualit\u00e9 de vie des patients. Son r\u00f4le est crucial dans le soulagement des sympt\u00f4mes, la restauration de la fonction musculaire et le r\u00e9entra\u00eenement du contr\u00f4le moteur de la m\u00e2choire et de la colonne cervicale. Les traitements comprennent des techniques telles que la thermoth\u00e9rapie, la th\u00e9rapie manuelle, l&rsquo;aiguillage \u00e0 sec, la radiofr\u00e9quence INDIBA et l&rsquo;exercice th\u00e9rapeutique, qui peuvent \u00eatre efficaces pour r\u00e9duire la douleur et am\u00e9liorer la mobilit\u00e9.  <\/p><h2><span style=\"color: #4f9aa1;\">Diagnostic des troubles temporo-mandibulaires<\/span><\/h2><p>Les troubles temporo-mandibulaires n\u00e9cessitent un diagnostic pr\u00e9cis et approfondi afin de d\u00e9terminer la cause sous-jacente des sympt\u00f4mes. <strong>Une \u00e9valuation compl\u00e8te est essentielle<\/strong> dans ce processus, y compris la palpation des muscles masticateurs, l&rsquo;\u00e9valuation de la mobilit\u00e9 de la m\u00e2choire et l&rsquo;inspection de la colonne vert\u00e9brale cervicale. <\/p><h3>\u00c9valuation compl\u00e8te<\/h3><ul><li>La<strong> palpation des<\/strong> muscles masticateurs est une proc\u00e9dure cruciale pour identifier les \u00e9ventuelles zones de douleur, les spasmes musculaires ou les points de d\u00e9clenchement qui peuvent contribuer aux sympt\u00f4mes des troubles musculo-dentaires.<\/li><li>La <strong>mobilit\u00e9 de la<\/strong> m\u00e2choire est \u00e9valu\u00e9e pour d\u00e9terminer d&rsquo;\u00e9ventuelles limitations dans l&rsquo;ouverture et la fermeture de la bouche, ainsi que pour d\u00e9tecter la pr\u00e9sence de clics ou de cr\u00e9pitations pouvant indiquer un dysfonctionnement de l&rsquo;articulation.<\/li><li>L&rsquo;<strong>\u00e9valuation de la<\/strong> colonne cervicale est importante compte tenu de la relation \u00e9troite entre l&rsquo;articulation temporo-mandibulaire et la colonne cervicale. Les probl\u00e8mes dans cette r\u00e9gion peuvent influencer l&rsquo;apparition et la persistance des sympt\u00f4mes des troubles musculo-squelettiques. <\/li><\/ul><p>Un <strong>diagnostic pr\u00e9cis<\/strong> bas\u00e9 sur une \u00e9valuation approfondie est essentiel pour \u00e9tablir un plan de traitement efficace qui s&rsquo;attaque aux causes sous-jacentes des troubles temporo-mandibulaires et apporte un soulagement aux patients concern\u00e9s.<\/p><h2><span style=\"color: #4f9aa1;\">Traitements des troubles temporo-mandibulaires.<\/span><\/h2><p>Les traitements des troubles temporo-mandibulaires peuvent \u00eatre abord\u00e9s de mani\u00e8re non pharmacologique ou pharmacologique, chacun ayant ses propres avantages et b\u00e9n\u00e9fices. Les diff\u00e9rentes options de traitement disponibles sont d\u00e9taill\u00e9es ci-dessous : <\/p><h3>Th\u00e9rapies non pharmacologiques<\/h3><ul><li><strong>Physioth\u00e9rapie :<\/strong> la physioth\u00e9rapie joue un r\u00f4le cl\u00e9 dans le traitement des douleurs temporo-mandibulaires, en aidant \u00e0 r\u00e9duire la douleur, \u00e0 restaurer la fonction musculaire et \u00e0 am\u00e9liorer la mobilit\u00e9 des articulations.<\/li><li><strong>\u00c9ducation :<\/strong> L&rsquo;\u00e9ducation du patient aux techniques d&rsquo;autosoins, \u00e0 l&rsquo;hygi\u00e8ne posturale et \u00e0 la gestion du stress est essentielle pour le traitement \u00e0 long terme des troubles musculo-dentaires.<\/li><li><strong>Attelles :<\/strong> Les attelles de d\u00e9charge peuvent \u00eatre utilis\u00e9es pour r\u00e9duire la charge sur l&rsquo;articulation temporo-mandibulaire et les muscles masticateurs pendant la nuit, ce qui contribue \u00e0 am\u00e9liorer les sympt\u00f4mes des troubles musculo-squelettiques.<\/li><\/ul><h3>Traitements pharmacologiques<\/h3><p>Dans certains cas, le traitement des troubles temporo-mandibulaires peut inclure l&rsquo;utilisation de m\u00e9dicaments pour contr\u00f4ler la douleur, l&rsquo;inflammation et le stress associ\u00e9s \u00e0 l&rsquo;affection. Il est important de suivre les instructions d&rsquo;un <strong>professionnel de la sant\u00e9<\/strong> pour l&rsquo;utilisation correcte de ces m\u00e9dicaments. <\/p><p><span style=\"background-color: transparent; font-size: 48px; font-family: Raleway, sans-serif; letter-spacing: var( --e-global-typography-36de66b-letter-spacing ); word-spacing: var( --e-global-typography-36de66b-word-spacing ); color: #4f9aa1;\">Importance de la physioth\u00e9rapie dans les douleurs temporo-mandibulaires.<\/span><\/p><p><strong>La physioth\u00e9rapie<\/strong> joue un r\u00f4le fondamental dans le traitement des douleurs temporo-mandibulaires, contribuant de mani\u00e8re significative \u00e0 l&rsquo;am\u00e9lioration de la qualit\u00e9 de vie des patients. Le <strong>centre de physioth\u00e9rapie ELOE<\/strong> de Campello est sp\u00e9cialis\u00e9 dans ce domaine. Appelez-nous et<span style=\"text-decoration: underline;\"><strong> <a href=\"http:\/\/Cita%20Online\" data-wplink-url-error=\"true\">et prenez rendez-vous<\/a> <\/strong><\/span> nous pouvons vous aider. <\/p><h3>Le r\u00f4le fondamental de la physioth\u00e9rapie<\/h3><p>Dans le traitement des douleurs temporo-mandibulaires, la kin\u00e9sith\u00e9rapie est un \u00e9l\u00e9ment cl\u00e9 de la r\u00e9cup\u00e9ration et de la prise en charge de cette pathologie. Son approche multidisciplinaire permet : <\/p><h4>Soulagement des sympt\u00f4mes<\/h4><p>Gr\u00e2ce \u00e0 l&rsquo;application de th\u00e9rapies sp\u00e9cifiques, la physioth\u00e9rapie soulage efficacement les sympt\u00f4mes associ\u00e9s aux troubles temporo-mandibulaires, tels que les douleurs orofaciales et les maux de t\u00eate. Cela se traduit par une am\u00e9lioration&#8230; <\/p><h4>Restauration de la fonction musculaire<\/h4><p>Le travail de r\u00e9\u00e9ducation de la physioth\u00e9rapie se concentre sur la restauration de la fonctionnalit\u00e9 des muscles impliqu\u00e9s dans la douleur temporo-mandibulaire, sur la facilitation d&rsquo;une mobilit\u00e9 correcte et sur la r\u00e9duction de la raideur musculaire. Gr\u00e2ce \u00e0&#8230; <\/p><h4>R\u00e9\u00e9ducation de la motricit\u00e9<\/h4><p>Outre le soulagement de la douleur et la restauration de la fonction musculaire, la physioth\u00e9rapie se concentre sur la <strong>r\u00e9\u00e9ducation du contr\u00f4le moteur de<\/strong> la m\u00e2choire et de la colonne cervicale. Cela implique un travail sp\u00e9cifique pour corriger les sch\u00e9mas de mouvement dysfonctionnels et am\u00e9liorer l&rsquo;ouverture de la bouche. <\/p><p><strong>Le Centro Fisioterapia ELOE<\/strong> \u00e0 El Campello peut vous aider \u00e0 am\u00e9liorer ou \u00e0 r\u00e9soudre votre douleur de mani\u00e8re durable. Nous disposons de l&rsquo;exp\u00e9rience et de la technologie la plus r\u00e9cente pour obtenir les meilleurs r\u00e9sultats. <\/p>\t\t\t\t\t\t\t\t<\/div>\n\t\t\t\t<\/div>\n\t\t\t\t<div class=\"elementor-element elementor-element-1ebf2c43 elementor-widget elementor-widget-heading\" data-id=\"1ebf2c43\" data-element_type=\"widget\" data-e-type=\"widget\" data-widget_type=\"heading.default\">\n\t\t\t\t<div class=\"elementor-widget-container\">\n\t\t\t\t\t<h3 class=\"elementor-heading-title elementor-size-default\">Sympt\u00f4mes<\/h3>\t\t\t\t<\/div>\n\t\t\t\t<\/div>\n\t\t\t\t<section class=\"elementor-section elementor-inner-section elementor-element elementor-element-f1b9ea7 elementor-section-boxed elementor-section-height-default elementor-section-height-default\" data-id=\"f1b9ea7\" data-element_type=\"section\" data-e-type=\"section\">\n\t\t\t\t\t\t<div class=\"elementor-container elementor-column-gap-default\">\n\t\t\t\t\t<div class=\"elementor-column elementor-col-100 elementor-inner-column elementor-element elementor-element-b454067\" data-id=\"b454067\" data-element_type=\"column\" data-e-type=\"column\">\n\t\t\t<div class=\"elementor-widget-wrap elementor-element-populated\">\n\t\t\t\t\t\t<div class=\"elementor-element elementor-element-4dfc98c elementor-widget elementor-widget-text-editor\" data-id=\"4dfc98c\" data-element_type=\"widget\" data-e-type=\"widget\" data-widget_type=\"text-editor.default\">\n\t\t\t\t<div class=\"elementor-widget-container\">\n\t\t\t\t\t\t\t\t\t<ul><li>douleur \u00e0 la m\u00e2choire<\/li><li>Difficult\u00e9 \u00e0 ouvrir et fermer la bouche<\/li><li>Clic ou cr\u00e9pitement lors du d\u00e9placement de la m\u00e2choire<\/li><li>Mal de t\u00eate<\/li><li>vertiges<\/li><li>mal d&rsquo;oreille<\/li><li>douleur lors de la mastication<\/li><li>Sensation de fatigue dans la m\u00e2choire<\/li><\/ul>\t\t\t\t\t\t\t\t<\/div>\n\t\t\t\t<\/div>\n\t\t\t\t<div class=\"elementor-element elementor-element-e22819a elementor-widget elementor-widget-heading\" data-id=\"e22819a\" data-element_type=\"widget\" data-e-type=\"widget\" data-widget_type=\"heading.default\">\n\t\t\t\t<div class=\"elementor-widget-container\">\n\t\t\t\t\t<h3 class=\"elementor-heading-title elementor-size-default\">Traitements<\/h3>\t\t\t\t<\/div>\n\t\t\t\t<\/div>\n\t\t\t\t\t<\/div>\n\t\t<\/div>\n\t\t\t\t\t<\/div>\n\t\t<\/section>\n\t\t\t\t<section class=\"elementor-section elementor-inner-section elementor-element elementor-element-fba6f7a elementor-section-boxed elementor-section-height-default elementor-section-height-default\" data-id=\"fba6f7a\" data-element_type=\"section\" data-e-type=\"section\">\n\t\t\t\t\t\t<div class=\"elementor-container elementor-column-gap-default\">\n\t\t\t\t\t<div class=\"elementor-column elementor-col-50 elementor-inner-column elementor-element elementor-element-5fce5721\" data-id=\"5fce5721\" data-element_type=\"column\" data-e-type=\"column\">\n\t\t\t<div class=\"elementor-widget-wrap elementor-element-populated\">\n\t\t\t\t\t\t<div class=\"elementor-element elementor-element-74344f88 elementor-icon-list--layout-traditional elementor-list-item-link-full_width elementor-widget elementor-widget-icon-list\" data-id=\"74344f88\" data-element_type=\"widget\" data-e-type=\"widget\" data-widget_type=\"icon-list.default\">\n\t\t\t\t<div class=\"elementor-widget-container\">\n\t\t\t\t\t\t\t<ul class=\"elementor-icon-list-items\">\n\t\t\t\t\t\t\t<li class=\"elementor-icon-list-item\">\n\t\t\t\t\t\t\t\t\t\t\t<span class=\"elementor-icon-list-icon\">\n\t\t\t\t\t\t\t<i aria-hidden=\"true\" class=\"fas fa-chevron-right\"><\/i>\t\t\t\t\t\t<\/span>\n\t\t\t\t\t\t\t\t\t\t<span class=\"elementor-icon-list-text\">Radiofr\u00e9quence INDIBA<\/span>\n\t\t\t\t\t\t\t\t\t<\/li>\n\t\t\t\t\t\t\t\t<li class=\"elementor-icon-list-item\">\n\t\t\t\t\t\t\t\t\t\t\t<span class=\"elementor-icon-list-icon\">\n\t\t\t\t\t\t\t<i aria-hidden=\"true\" class=\"fas fa-chevron-right\"><\/i>\t\t\t\t\t\t<\/span>\n\t\t\t\t\t\t\t\t\t\t<span class=\"elementor-icon-list-text\">Th\u00e9rapie manuelle<\/span>\n\t\t\t\t\t\t\t\t\t<\/li>\n\t\t\t\t\t\t\t\t<li class=\"elementor-icon-list-item\">\n\t\t\t\t\t\t\t\t\t\t\t<span class=\"elementor-icon-list-icon\">\n\t\t\t\t\t\t\t<i aria-hidden=\"true\" class=\"fas fa-chevron-right\"><\/i>\t\t\t\t\t\t<\/span>\n\t\t\t\t\t\t\t\t\t\t<span class=\"elementor-icon-list-text\">Traitement myofascial<\/span>\n\t\t\t\t\t\t\t\t\t<\/li>\n\t\t\t\t\t\t\t\t<li class=\"elementor-icon-list-item\">\n\t\t\t\t\t\t\t\t\t\t\t<span class=\"elementor-icon-list-icon\">\n\t\t\t\t\t\t\t<i aria-hidden=\"true\" class=\"fas fa-chevron-right\"><\/i>\t\t\t\t\t\t<\/span>\n\t\t\t\t\t\t\t\t\t\t<span class=\"elementor-icon-list-text\">technique de jones<\/span>\n\t\t\t\t\t\t\t\t\t<\/li>\n\t\t\t\t\t\t\t\t<li class=\"elementor-icon-list-item\">\n\t\t\t\t\t\t\t\t\t\t\t<span class=\"elementor-icon-list-icon\">\n\t\t\t\t\t\t\t<i aria-hidden=\"true\" class=\"fas fa-chevron-right\"><\/i>\t\t\t\t\t\t<\/span>\n\t\t\t\t\t\t\t\t\t\t<span class=\"elementor-icon-list-text\">Techniques d'autogestion <\/span>\n\t\t\t\t\t\t\t\t\t<\/li>\n\t\t\t\t\t\t<\/ul>\n\t\t\t\t\t\t<\/div>\n\t\t\t\t<\/div>\n\t\t\t\t\t<\/div>\n\t\t<\/div>\n\t\t\t\t<div class=\"elementor-column elementor-col-50 elementor-inner-column elementor-element elementor-element-8113c27\" data-id=\"8113c27\" data-element_type=\"column\" data-e-type=\"column\">\n\t\t\t<div class=\"elementor-widget-wrap elementor-element-populated\">\n\t\t\t\t\t\t<div class=\"elementor-element elementor-element-1bd8715 elementor-icon-list--layout-traditional elementor-list-item-link-full_width elementor-widget elementor-widget-icon-list\" data-id=\"1bd8715\" data-element_type=\"widget\" data-e-type=\"widget\" data-widget_type=\"icon-list.default\">\n\t\t\t\t<div class=\"elementor-widget-container\">\n\t\t\t\t\t\t\t<ul class=\"elementor-icon-list-items\">\n\t\t\t\t\t\t\t<li class=\"elementor-icon-list-item\">\n\t\t\t\t\t\t\t\t\t\t\t<span class=\"elementor-icon-list-icon\">\n\t\t\t\t\t\t\t<i aria-hidden=\"true\" class=\"fas fa-chevron-right\"><\/i>\t\t\t\t\t\t<\/span>\n\t\t\t\t\t\t\t\t\t\t<span class=\"elementor-icon-list-text\">Techniques de Facilitation Neuromusculaire Proprioceptive (PNF)<\/span>\n\t\t\t\t\t\t\t\t\t<\/li>\n\t\t\t\t\t\t\t\t<li class=\"elementor-icon-list-item\">\n\t\t\t\t\t\t\t\t\t\t\t<span class=\"elementor-icon-list-icon\">\n\t\t\t\t\t\t\t<i aria-hidden=\"true\" class=\"fas fa-chevron-right\"><\/i>\t\t\t\t\t\t<\/span>\n\t\t\t\t\t\t\t\t\t\t<span class=\"elementor-icon-list-text\">Aiguilles s\u00e8ches<\/span>\n\t\t\t\t\t\t\t\t\t<\/li>\n\t\t\t\t\t\t\t\t<li class=\"elementor-icon-list-item\">\n\t\t\t\t\t\t\t\t\t\t\t<span class=\"elementor-icon-list-icon\">\n\t\t\t\t\t\t\t<i aria-hidden=\"true\" class=\"fas fa-chevron-right\"><\/i>\t\t\t\t\t\t<\/span>\n\t\t\t\t\t\t\t\t\t\t<span class=\"elementor-icon-list-text\">massage th\u00e9rapeutique<\/span>\n\t\t\t\t\t\t\t\t\t<\/li>\n\t\t\t\t\t\t<\/ul>\n\t\t\t\t\t\t<\/div>\n\t\t\t\t<\/div>\n\t\t\t\t\t<\/div>\n\t\t<\/div>\n\t\t\t\t\t<\/div>\n\t\t<\/section>\n\t\t\t\t\t<\/div>\n\t\t<\/div>\n\t\t\t\t<div class=\"elementor-column elementor-col-50 elementor-top-column elementor-element elementor-element-5eaa6bac\" data-id=\"5eaa6bac\" data-element_type=\"column\" data-e-type=\"column\">\n\t\t\t<div class=\"elementor-widget-wrap elementor-element-populated\">\n\t\t\t\t\t\t<div class=\"elementor-element elementor-element-51a09bce elementor-invisible elementor-widget elementor-widget-image\" data-id=\"51a09bce\" data-element_type=\"widget\" data-e-type=\"widget\" data-settings=\"{&quot;_animation&quot;:&quot;zoomIn&quot;}\" data-widget_type=\"image.default\">\n\t\t\t\t<div class=\"elementor-widget-container\">\n\t\t\t\t\t\t\t\t\t\t\t\t\t\t\t<img fetchpriority=\"high\" decoding=\"async\" width=\"2560\" height=\"1707\" src=\"https:\/\/centroeloe.com\/wp-content\/uploads\/shutterstock_682397194-scaled.jpg\" class=\"attachment-full size-full wp-image-1454\" alt=\"douleur temporo-mandibulaire\" srcset=\"https:\/\/centroeloe.com\/wp-content\/uploads\/shutterstock_682397194-scaled.jpg 2560w, https:\/\/centroeloe.com\/wp-content\/uploads\/shutterstock_682397194-300x200.jpg 300w, https:\/\/centroeloe.com\/wp-content\/uploads\/shutterstock_682397194-1024x683.jpg 1024w, https:\/\/centroeloe.com\/wp-content\/uploads\/shutterstock_682397194-768x512.jpg 768w, https:\/\/centroeloe.com\/wp-content\/uploads\/shutterstock_682397194-1536x1024.jpg 1536w, https:\/\/centroeloe.com\/wp-content\/uploads\/shutterstock_682397194-2048x1366.jpg 2048w\" sizes=\"(max-width: 2560px) 100vw, 2560px\" \/>\t\t\t\t\t\t\t\t\t\t\t\t\t\t\t<\/div>\n\t\t\t\t<\/div>\n\t\t\t\t\t<\/div>\n\t\t<\/div>\n\t\t\t\t\t<\/div>\n\t\t<\/section>\n\t\t\t\t<section class=\"elementor-section elementor-top-section elementor-element elementor-element-75c3caa elementor-section-boxed elementor-section-height-default elementor-section-height-default\" data-id=\"75c3caa\" data-element_type=\"section\" data-e-type=\"section\" data-settings=\"{&quot;background_background&quot;:&quot;classic&quot;}\">\n\t\t\t\t\t\t\t<div class=\"elementor-background-overlay\"><\/div>\n\t\t\t\t\t\t\t<div class=\"elementor-container elementor-column-gap-no\">\n\t\t\t\t\t<div class=\"elementor-column elementor-col-100 elementor-top-column elementor-element elementor-element-7687c76\" data-id=\"7687c76\" data-element_type=\"column\" data-e-type=\"column\">\n\t\t\t<div class=\"elementor-widget-wrap elementor-element-populated\">\n\t\t\t\t\t\t<div class=\"elementor-element elementor-element-d2fb23c elementor-widget elementor-widget-heading\" data-id=\"d2fb23c\" data-element_type=\"widget\" data-e-type=\"widget\" data-widget_type=\"heading.default\">\n\t\t\t\t<div class=\"elementor-widget-container\">\n\t\t\t\t\t<h2 class=\"elementor-heading-title elementor-size-default\">Pouvons-nous vous aider ?<\/h2>\t\t\t\t<\/div>\n\t\t\t\t<\/div>\n\t\t\t\t<div class=\"elementor-element elementor-element-c90d015 elementor-widget-divider--view-line elementor-widget elementor-widget-divider\" data-id=\"c90d015\" data-element_type=\"widget\" data-e-type=\"widget\" data-widget_type=\"divider.default\">\n\t\t\t\t<div class=\"elementor-widget-container\">\n\t\t\t\t\t\t\t<div class=\"elementor-divider\">\n\t\t\t<span class=\"elementor-divider-separator\">\n\t\t\t\t\t\t<\/span>\n\t\t<\/div>\n\t\t\t\t\t\t<\/div>\n\t\t\t\t<\/div>\n\t\t\t\t<div class=\"elementor-element elementor-element-a2d6214 elementor-widget elementor-widget-text-editor\" data-id=\"a2d6214\" data-element_type=\"widget\" data-e-type=\"widget\" data-widget_type=\"text-editor.default\">\n\t\t\t\t<div class=\"elementor-widget-container\">\n\t\t\t\t\t\t\t\t\t<p>Appelez maintenant et demandez plus d&rsquo;informations<br><\/p>\t\t\t\t\t\t\t\t<\/div>\n\t\t\t\t<\/div>\n\t\t\t\t<div class=\"elementor-element elementor-element-a62e195 elementor-align-center elementor-widget elementor-widget-button\" data-id=\"a62e195\" data-element_type=\"widget\" data-e-type=\"widget\" data-widget_type=\"button.default\">\n\t\t\t\t<div class=\"elementor-widget-container\">\n\t\t\t\t\t\t\t\t\t<div class=\"elementor-button-wrapper\">\n\t\t\t\t\t<a class=\"elementor-button elementor-button-link elementor-size-sm\" href=\"https:\/\/centroeloe.com\/fr\/rendez-vous-en-ligne\/\">\n\t\t\t\t\t\t<span class=\"elementor-button-content-wrapper\">\n\t\t\t\t\t\t\t\t\t<span class=\"elementor-button-text\">rendez-vous en ligne<\/span>\n\t\t\t\t\t<\/span>\n\t\t\t\t\t<\/a>\n\t\t\t\t<\/div>\n\t\t\t\t\t\t\t\t<\/div>\n\t\t\t\t<\/div>\n\t\t\t\t\t<\/div>\n\t\t<\/div>\n\t\t\t\t\t<\/div>\n\t\t<\/section>\n\t\t\t\t<\/div>\n\t\t","protected":false},"excerpt":{"rendered":"<p>La physioth\u00e9rapie des douleurs temporo-mandibulaires est essentielle pour am\u00e9liorer la qualit\u00e9 de vie des patients. Son r\u00f4le est crucial dans le soulagement des sympt\u00f4mes, la restauration de la fonction musculaire et le r\u00e9entra\u00eenement du contr\u00f4le moteur de la m\u00e2choire et de la colonne cervicale. Les traitements comprennent des techniques telles que la thermoth\u00e9rapie, la th\u00e9rapie [&hellip;]<\/p>\n","protected":false},"author":1,"featured_media":0,"parent":0,"menu_order":0,"comment_status":"closed","ping_status":"closed","template":"","meta":{"_acf_changed":false,"_monsterinsights_skip_tracking":false,"_monsterinsights_sitenote_active":false,"_monsterinsights_sitenote_note":"","_monsterinsights_sitenote_category":0,"_uf_show_specific_survey":0,"_uf_disable_surveys":false,"footnotes":""},"class_list":["post-1721","page","type-page","status-publish","hentry"],"acf":[],"_links":{"self":[{"href":"https:\/\/centroeloe.com\/fr\/wp-json\/wp\/v2\/pages\/1721","targetHints":{"allow":["GET"]}}],"collection":[{"href":"https:\/\/centroeloe.com\/fr\/wp-json\/wp\/v2\/pages"}],"about":[{"href":"https:\/\/centroeloe.com\/fr\/wp-json\/wp\/v2\/types\/page"}],"author":[{"embeddable":true,"href":"https:\/\/centroeloe.com\/fr\/wp-json\/wp\/v2\/users\/1"}],"replies":[{"embeddable":true,"href":"https:\/\/centroeloe.com\/fr\/wp-json\/wp\/v2\/comments?post=1721"}],"version-history":[{"count":5,"href":"https:\/\/centroeloe.com\/fr\/wp-json\/wp\/v2\/pages\/1721\/revisions"}],"predecessor-version":[{"id":3980,"href":"https:\/\/centroeloe.com\/fr\/wp-json\/wp\/v2\/pages\/1721\/revisions\/3980"}],"wp:attachment":[{"href":"https:\/\/centroeloe.com\/fr\/wp-json\/wp\/v2\/media?parent=1721"}],"curies":[{"name":"wp","href":"https:\/\/api.w.org\/{rel}","templated":true}]}}