{"id":1699,"date":"2023-03-23T09:43:57","date_gmt":"2023-03-23T08:43:57","guid":{"rendered":"https:\/\/centroeloe.com\/aiguilles-seches\/"},"modified":"2026-02-16T23:00:20","modified_gmt":"2026-02-16T22:00:20","slug":"phychologie","status":"publish","type":"page","link":"https:\/\/centroeloe.com\/fr\/phychologie\/","title":{"rendered":"Psychologie"},"content":{"rendered":"\t\t<div data-elementor-type=\"wp-page\" data-elementor-id=\"1699\" class=\"elementor elementor-1699 elementor-1477\" data-elementor-post-type=\"page\">\n\t\t\t\t\t\t<section class=\"elementor-section elementor-top-section elementor-element elementor-element-2d796299 elementor-section-boxed elementor-section-height-default elementor-section-height-default\" data-id=\"2d796299\" data-element_type=\"section\" data-e-type=\"section\" data-settings=\"{&quot;background_background&quot;:&quot;classic&quot;}\">\n\t\t\t\t\t\t\t<div class=\"elementor-background-overlay\"><\/div>\n\t\t\t\t\t\t\t<div class=\"elementor-container elementor-column-gap-default\">\n\t\t\t\t\t<div class=\"elementor-column elementor-col-100 elementor-top-column elementor-element elementor-element-60cc7dba\" data-id=\"60cc7dba\" data-element_type=\"column\" data-e-type=\"column\">\n\t\t\t<div class=\"elementor-widget-wrap elementor-element-populated\">\n\t\t\t\t\t\t\t<\/div>\n\t\t<\/div>\n\t\t\t\t\t<\/div>\n\t\t<\/section>\n\t\t\t\t<section class=\"elementor-section elementor-top-section elementor-element elementor-element-6f5f522 elementor-section-boxed elementor-section-height-default elementor-section-height-default\" data-id=\"6f5f522\" data-element_type=\"section\" data-e-type=\"section\">\n\t\t\t\t\t\t<div class=\"elementor-container elementor-column-gap-no\">\n\t\t\t\t\t<div class=\"elementor-column elementor-col-50 elementor-top-column elementor-element elementor-element-3e3104ff elementor-invisible\" data-id=\"3e3104ff\" data-element_type=\"column\" data-e-type=\"column\" data-settings=\"{&quot;animation&quot;:&quot;fadeInLeft&quot;}\">\n\t\t\t<div class=\"elementor-widget-wrap elementor-element-populated\">\n\t\t\t\t\t\t<section class=\"elementor-section elementor-inner-section elementor-element elementor-element-462eb259 elementor-section-boxed elementor-section-height-default elementor-section-height-default\" data-id=\"462eb259\" data-element_type=\"section\" data-e-type=\"section\">\n\t\t\t\t\t\t<div class=\"elementor-container elementor-column-gap-default\">\n\t\t\t\t\t<div class=\"elementor-column elementor-col-100 elementor-inner-column elementor-element elementor-element-69dd46d6\" data-id=\"69dd46d6\" data-element_type=\"column\" data-e-type=\"column\">\n\t\t\t<div class=\"elementor-widget-wrap elementor-element-populated\">\n\t\t\t\t\t\t<div class=\"elementor-element elementor-element-6f2d2a84 elementor-widget elementor-widget-heading\" data-id=\"6f2d2a84\" data-element_type=\"widget\" data-e-type=\"widget\" data-widget_type=\"heading.default\">\n\t\t\t\t<div class=\"elementor-widget-container\">\n\t\t\t\t\t<h2 class=\"elementor-heading-title elementor-size-default\">Qu'est-ce que c'est ?<\/h2>\t\t\t\t<\/div>\n\t\t\t\t<\/div>\n\t\t\t\t\t<\/div>\n\t\t<\/div>\n\t\t\t\t\t<\/div>\n\t\t<\/section>\n\t\t\t\t<div class=\"elementor-element elementor-element-13f6cee elementor-widget-divider--view-line elementor-widget elementor-widget-divider\" data-id=\"13f6cee\" data-element_type=\"widget\" data-e-type=\"widget\" data-widget_type=\"divider.default\">\n\t\t\t\t<div class=\"elementor-widget-container\">\n\t\t\t\t\t\t\t<div class=\"elementor-divider\">\n\t\t\t<span class=\"elementor-divider-separator\">\n\t\t\t\t\t\t<\/span>\n\t\t<\/div>\n\t\t\t\t\t\t<\/div>\n\t\t\t\t<\/div>\n\t\t\t\t<div class=\"elementor-element elementor-element-28a5b456 elementor-widget elementor-widget-text-editor\" data-id=\"28a5b456\" data-element_type=\"widget\" data-e-type=\"widget\" data-widget_type=\"text-editor.default\">\n\t\t\t\t<div class=\"elementor-widget-container\">\n\t\t\t\t\t\t\t\t\t<p>La <strong>psychologie<\/strong> est la discipline qui explore les processus mentaux et le comportement humain. Dans notre approche, elle devient un outil pr\u00e9cieux pour comprendre les complexit\u00e9s de l&rsquo;esprit, surmonter les d\u00e9fis \u00e9motionnels et atteindre un \u00e9tat de bien-\u00eatre optimal. <\/p><p>Au Centre ELOE, <strong>psychologue Campello<\/strong>, nous appliquons des principes scientifiques et des approches th\u00e9rapeutiques \u00e9prouv\u00e9es pour vous aider \u00e0 faire face \u00e0 vos soucis, \u00e0 am\u00e9liorer vos relations et \u00e0 cultiver une vie plus \u00e9panouissante.<\/p>\t\t\t\t\t\t\t\t<\/div>\n\t\t\t\t<\/div>\n\t\t\t\t<div class=\"elementor-element elementor-element-1ebf2c43 elementor-widget elementor-widget-heading\" data-id=\"1ebf2c43\" data-element_type=\"widget\" data-e-type=\"widget\" data-widget_type=\"heading.default\">\n\t\t\t\t<div class=\"elementor-widget-container\">\n\t\t\t\t\t<h3 class=\"elementor-heading-title elementor-size-default\">Comment travaillez-nous ?<\/h3>\t\t\t\t<\/div>\n\t\t\t\t<\/div>\n\t\t\t\t<section class=\"elementor-section elementor-inner-section elementor-element elementor-element-f1b9ea7 elementor-section-boxed elementor-section-height-default elementor-section-height-default\" data-id=\"f1b9ea7\" data-element_type=\"section\" data-e-type=\"section\">\n\t\t\t\t\t\t<div class=\"elementor-container elementor-column-gap-default\">\n\t\t\t\t\t<div class=\"elementor-column elementor-col-100 elementor-inner-column elementor-element elementor-element-b454067\" data-id=\"b454067\" data-element_type=\"column\" data-e-type=\"column\">\n\t\t\t<div class=\"elementor-widget-wrap elementor-element-populated\">\n\t\t\t\t\t\t<div class=\"elementor-element elementor-element-4dfc98c elementor-widget elementor-widget-text-editor\" data-id=\"4dfc98c\" data-element_type=\"widget\" data-e-type=\"widget\" data-widget_type=\"text-editor.default\">\n\t\t\t\t<div class=\"elementor-widget-container\">\n\t\t\t\t\t\t\t\t\t<p>Si vous cherchez un soutien psychologique \u00e0 El Campello et dans les environs, vous \u00eates au bon endroit. Au Centro ELOE, nous nous engageons \u00e0 fournir des services psychologiques de qualit\u00e9 afin de promouvoir le bien-\u00eatre mental et \u00e9motionnel au sein de notre communaut\u00e9.<\/p><p>Nos services de psychologie \u00e0 El Campello :<\/p><ol><li><p><strong>Psychoth\u00e9rapie personnalis\u00e9e :<\/strong> nous abordons les probl\u00e8mes \u00e9motionnels et mentaux avec des approches th\u00e9rapeutiques adapt\u00e9es \u00e0 vos besoins sp\u00e9cifiques. Nous vous offrons un espace s\u00fbr pour explorer et surmonter vos inqui\u00e9tudes.<\/p><\/li><li><p><strong>Th\u00e9rapie de couple et de famille :<\/strong> nous renfor\u00e7ons les relations gr\u00e2ce \u00e0 des conseils sp\u00e9cialis\u00e9s, en am\u00e9liorant la communication et en favorisant une meilleure compr\u00e9hension entre les membres d&rsquo;une famille ou d&rsquo;un couple.<\/p><\/li><li><p><strong>Coaching personnel :<\/strong> nous vous guidons sur la voie du d\u00e9veloppement personnel, en vous aidant \u00e0 identifier des objectifs significatifs et en vous fournissant des outils pratiques pour les atteindre.<\/p><\/li><li><p><strong>Gestion du stress et de l&rsquo;anxi\u00e9t\u00e9 :<\/strong> nous proposons des strat\u00e9gies efficaces pour g\u00e9rer le stress et l&rsquo;anxi\u00e9t\u00e9, vous permettant ainsi de retrouver un \u00e9quilibre et une tranquillit\u00e9 d&rsquo;esprit dans votre vie quotidienne.<\/p><\/li><\/ol><p>Pourquoi nous choisir \u00e0 El Campello ?<\/p><ul><li><p><strong>Connexion locale :<\/strong> nous sommes un membre actif de la communaut\u00e9 d&rsquo;El Campello et comprenons les particularit\u00e9s et les d\u00e9fis uniques de nos voisins.<\/p><\/li><li><p>Des <strong>professionnels de confiance :<\/strong> Notre psychologue, Celia Ferrer, est hautement qualifi\u00e9e, empathique et d\u00e9vou\u00e9e \u00e0 votre bien-\u00eatre.<\/p><\/li><li><p>Un <strong>espace accueillant :<\/strong> nous vous accueillons dans un environnement chaleureux et accueillant, o\u00f9 vous vous sentirez \u00e0 l&rsquo;aise pour partager et grandir.<\/p><\/li><\/ul><p>Comment entamer votre voyage vers le bien-\u00eatre :<\/p><ol><li><p><strong>Planifiez votre consultation :<\/strong> Contactez-nous pour planifier votre premi\u00e8re consultation. Nous sommes disponibles pour nous adapter \u00e0 votre emploi du temps.<\/p><\/li><li><p><strong>Trouver notre bureau :<\/strong> Nous sommes id\u00e9alement situ\u00e9s au 126, Calle Sant Bartolomeu, El Campello El Campello, Alicante.<\/p><\/li><li><p><strong>D\u00e9couvrez nos services :<\/strong> D\u00e9couvrez comment nos services peuvent vous \u00eatre utiles. Votre bien-\u00eatre est notre priorit\u00e9 !<\/p><\/li><\/ol><p>Contactez-nous d\u00e8s aujourd&rsquo;hui pour faire le premier pas vers une vie plus \u00e9quilibr\u00e9e et plus saine.<\/p><p>Demandez votre <a href=\"https:\/\/centroeloe.com\/fr\/rendez-vous-en-ligne\/\"><strong>rendez-vous en ligne<\/strong><\/a> ou par <strong>t\u00e9l\u00e9phone<\/strong> et commencez \u00e0 vous sentir bien.<\/p><p><em>Au Centro ELOE, nous sommes l\u00e0 pour vous soutenir \u00e0 chaque \u00e9tape de votre parcours vers le bien-\u00eatre \u00e9motionnel. Votre sant\u00e9 mentale est notre priorit\u00e9. <\/em><\/p>\t\t\t\t\t\t\t\t<\/div>\n\t\t\t\t<\/div>\n\t\t\t\t<div class=\"elementor-element elementor-element-e22819a elementor-widget elementor-widget-heading\" data-id=\"e22819a\" data-element_type=\"widget\" data-e-type=\"widget\" data-widget_type=\"heading.default\">\n\t\t\t\t<div class=\"elementor-widget-container\">\n\t\t\t\t\t<h3 class=\"elementor-heading-title elementor-size-default\">Les avantages de la psychologie<\/h3>\t\t\t\t<\/div>\n\t\t\t\t<\/div>\n\t\t\t\t\t<\/div>\n\t\t<\/div>\n\t\t\t\t\t<\/div>\n\t\t<\/section>\n\t\t\t\t<section class=\"elementor-section elementor-inner-section elementor-element elementor-element-fba6f7a elementor-section-boxed elementor-section-height-default elementor-section-height-default\" data-id=\"fba6f7a\" data-element_type=\"section\" data-e-type=\"section\">\n\t\t\t\t\t\t<div class=\"elementor-container elementor-column-gap-default\">\n\t\t\t\t\t<div class=\"elementor-column elementor-col-100 elementor-inner-column elementor-element elementor-element-5fce5721\" data-id=\"5fce5721\" data-element_type=\"column\" data-e-type=\"column\">\n\t\t\t<div class=\"elementor-widget-wrap elementor-element-populated\">\n\t\t\t\t\t\t<div class=\"elementor-element elementor-element-74344f88 elementor-icon-list--layout-traditional elementor-list-item-link-full_width elementor-widget elementor-widget-icon-list\" data-id=\"74344f88\" data-element_type=\"widget\" data-e-type=\"widget\" data-widget_type=\"icon-list.default\">\n\t\t\t\t<div class=\"elementor-widget-container\">\n\t\t\t\t\t\t\t<ul class=\"elementor-icon-list-items\">\n\t\t\t\t\t\t\t<li class=\"elementor-icon-list-item\">\n\t\t\t\t\t\t\t\t\t\t\t<span class=\"elementor-icon-list-icon\">\n\t\t\t\t\t\t\t<i aria-hidden=\"true\" class=\"fas fa-chevron-right\"><\/i>\t\t\t\t\t\t<\/span>\n\t\t\t\t\t\t\t\t\t\t<span class=\"elementor-icon-list-text\">Am\u00e9liorer le bien-\u00eatre mental<\/span>\n\t\t\t\t\t\t\t\t\t<\/li>\n\t\t\t\t\t\t\t\t<li class=\"elementor-icon-list-item\">\n\t\t\t\t\t\t\t\t\t\t\t<span class=\"elementor-icon-list-icon\">\n\t\t\t\t\t\t\t<i aria-hidden=\"true\" class=\"fas fa-chevron-right\"><\/i>\t\t\t\t\t\t<\/span>\n\t\t\t\t\t\t\t\t\t\t<span class=\"elementor-icon-list-text\">D\u00e9veloppement personnel<\/span>\n\t\t\t\t\t\t\t\t\t<\/li>\n\t\t\t\t\t\t\t\t<li class=\"elementor-icon-list-item\">\n\t\t\t\t\t\t\t\t\t\t\t<span class=\"elementor-icon-list-icon\">\n\t\t\t\t\t\t\t<i aria-hidden=\"true\" class=\"fas fa-chevron-right\"><\/i>\t\t\t\t\t\t<\/span>\n\t\t\t\t\t\t\t\t\t\t<span class=\"elementor-icon-list-text\">Renforcer les relations<\/span>\n\t\t\t\t\t\t\t\t\t<\/li>\n\t\t\t\t\t\t\t\t<li class=\"elementor-icon-list-item\">\n\t\t\t\t\t\t\t\t\t\t\t<span class=\"elementor-icon-list-icon\">\n\t\t\t\t\t\t\t<i aria-hidden=\"true\" class=\"fas fa-chevron-right\"><\/i>\t\t\t\t\t\t<\/span>\n\t\t\t\t\t\t\t\t\t\t<span class=\"elementor-icon-list-text\">Gestion du stress<\/span>\n\t\t\t\t\t\t\t\t\t<\/li>\n\t\t\t\t\t\t\t\t<li class=\"elementor-icon-list-item\">\n\t\t\t\t\t\t\t\t\t\t\t<span class=\"elementor-icon-list-icon\">\n\t\t\t\t\t\t\t<i aria-hidden=\"true\" class=\"fas fa-chevron-right\"><\/i>\t\t\t\t\t\t<\/span>\n\t\t\t\t\t\t\t\t\t\t<span class=\"elementor-icon-list-text\">Optimisation des performances<\/span>\n\t\t\t\t\t\t\t\t\t<\/li>\n\t\t\t\t\t\t\t\t<li class=\"elementor-icon-list-item\">\n\t\t\t\t\t\t\t\t\t\t\t<span class=\"elementor-icon-list-icon\">\n\t\t\t\t\t\t\t<i aria-hidden=\"true\" class=\"fas fa-chevron-right\"><\/i>\t\t\t\t\t\t<\/span>\n\t\t\t\t\t\t\t\t\t\t<span class=\"elementor-icon-list-text\">Surmonter les traumatismes et les pertes<\/span>\n\t\t\t\t\t\t\t\t\t<\/li>\n\t\t\t\t\t\t\t\t<li class=\"elementor-icon-list-item\">\n\t\t\t\t\t\t\t\t\t\t\t<span class=\"elementor-icon-list-icon\">\n\t\t\t\t\t\t\t<i aria-hidden=\"true\" class=\"fas fa-chevron-right\"><\/i>\t\t\t\t\t\t<\/span>\n\t\t\t\t\t\t\t\t\t\t<span class=\"elementor-icon-list-text\">Promouvoir la r\u00e9silience<\/span>\n\t\t\t\t\t\t\t\t\t<\/li>\n\t\t\t\t\t\t<\/ul>\n\t\t\t\t\t\t<\/div>\n\t\t\t\t<\/div>\n\t\t\t\t\t<\/div>\n\t\t<\/div>\n\t\t\t\t\t<\/div>\n\t\t<\/section>\n\t\t\t\t\t<\/div>\n\t\t<\/div>\n\t\t\t\t<div class=\"elementor-column elementor-col-50 elementor-top-column elementor-element elementor-element-5eaa6bac\" data-id=\"5eaa6bac\" data-element_type=\"column\" data-e-type=\"column\">\n\t\t\t<div class=\"elementor-widget-wrap elementor-element-populated\">\n\t\t\t\t\t\t<div class=\"elementor-element elementor-element-51a09bce elementor-invisible elementor-widget elementor-widget-image\" data-id=\"51a09bce\" data-element_type=\"widget\" data-e-type=\"widget\" data-settings=\"{&quot;_animation&quot;:&quot;zoomIn&quot;}\" data-widget_type=\"image.default\">\n\t\t\t\t<div class=\"elementor-widget-container\">\n\t\t\t\t\t\t\t\t\t\t\t\t\t\t\t<img fetchpriority=\"high\" decoding=\"async\" width=\"1200\" height=\"800\" src=\"https:\/\/centroeloe.com\/wp-content\/uploads\/como-buscar-psicologo-3.webp\" class=\"attachment-full size-full wp-image-2785\" alt=\"psicologo en terapia centro eloe\" srcset=\"https:\/\/centroeloe.com\/wp-content\/uploads\/como-buscar-psicologo-3.webp 1200w, https:\/\/centroeloe.com\/wp-content\/uploads\/como-buscar-psicologo-3-300x200.webp 300w, https:\/\/centroeloe.com\/wp-content\/uploads\/como-buscar-psicologo-3-1024x683.webp 1024w, https:\/\/centroeloe.com\/wp-content\/uploads\/como-buscar-psicologo-3-768x512.webp 768w\" sizes=\"(max-width: 1200px) 100vw, 1200px\" \/>\t\t\t\t\t\t\t\t\t\t\t\t\t\t\t<\/div>\n\t\t\t\t<\/div>\n\t\t\t\t\t<\/div>\n\t\t<\/div>\n\t\t\t\t\t<\/div>\n\t\t<\/section>\n\t\t\t\t<section class=\"elementor-section elementor-top-section elementor-element elementor-element-75c3caa elementor-section-boxed elementor-section-height-default elementor-section-height-default\" data-id=\"75c3caa\" data-element_type=\"section\" data-e-type=\"section\" data-settings=\"{&quot;background_background&quot;:&quot;classic&quot;}\">\n\t\t\t\t\t\t\t<div class=\"elementor-background-overlay\"><\/div>\n\t\t\t\t\t\t\t<div class=\"elementor-container elementor-column-gap-no\">\n\t\t\t\t\t<div class=\"elementor-column elementor-col-100 elementor-top-column elementor-element elementor-element-7687c76\" data-id=\"7687c76\" data-element_type=\"column\" data-e-type=\"column\">\n\t\t\t<div class=\"elementor-widget-wrap elementor-element-populated\">\n\t\t\t\t\t\t<div class=\"elementor-element elementor-element-d2fb23c elementor-widget elementor-widget-heading\" data-id=\"d2fb23c\" data-element_type=\"widget\" data-e-type=\"widget\" data-widget_type=\"heading.default\">\n\t\t\t\t<div class=\"elementor-widget-container\">\n\t\t\t\t\t<h2 class=\"elementor-heading-title elementor-size-default\">Pouvons-nous vous aider ?<\/h2>\t\t\t\t<\/div>\n\t\t\t\t<\/div>\n\t\t\t\t<div class=\"elementor-element elementor-element-c90d015 elementor-widget-divider--view-line elementor-widget elementor-widget-divider\" data-id=\"c90d015\" data-element_type=\"widget\" data-e-type=\"widget\" data-widget_type=\"divider.default\">\n\t\t\t\t<div class=\"elementor-widget-container\">\n\t\t\t\t\t\t\t<div class=\"elementor-divider\">\n\t\t\t<span class=\"elementor-divider-separator\">\n\t\t\t\t\t\t<\/span>\n\t\t<\/div>\n\t\t\t\t\t\t<\/div>\n\t\t\t\t<\/div>\n\t\t\t\t<div class=\"elementor-element elementor-element-a2d6214 elementor-widget elementor-widget-text-editor\" data-id=\"a2d6214\" data-element_type=\"widget\" data-e-type=\"widget\" data-widget_type=\"text-editor.default\">\n\t\t\t\t<div class=\"elementor-widget-container\">\n\t\t\t\t\t\t\t\t\t<p>Appelez maintenant et demandez plus d&rsquo;informations<br><\/p>\t\t\t\t\t\t\t\t<\/div>\n\t\t\t\t<\/div>\n\t\t\t\t<div class=\"elementor-element elementor-element-a62e195 elementor-align-center elementor-widget elementor-widget-button\" data-id=\"a62e195\" data-element_type=\"widget\" data-e-type=\"widget\" data-widget_type=\"button.default\">\n\t\t\t\t<div class=\"elementor-widget-container\">\n\t\t\t\t\t\t\t\t\t<div class=\"elementor-button-wrapper\">\n\t\t\t\t\t<a class=\"elementor-button elementor-button-link elementor-size-sm\" href=\"https:\/\/centroeloe.com\/fr\/rendez-vous-en-ligne\/\">\n\t\t\t\t\t\t<span class=\"elementor-button-content-wrapper\">\n\t\t\t\t\t\t\t\t\t<span class=\"elementor-button-text\">rendez-vous en ligne<\/span>\n\t\t\t\t\t<\/span>\n\t\t\t\t\t<\/a>\n\t\t\t\t<\/div>\n\t\t\t\t\t\t\t\t<\/div>\n\t\t\t\t<\/div>\n\t\t\t\t\t<\/div>\n\t\t<\/div>\n\t\t\t\t\t<\/div>\n\t\t<\/section>\n\t\t\t\t<\/div>\n\t\t","protected":false},"excerpt":{"rendered":"<p>Qu&rsquo;est-ce que c&rsquo;est ? La psychologie est la discipline qui explore les processus mentaux et le comportement humain. Dans notre approche, elle devient un outil pr\u00e9cieux pour comprendre les complexit\u00e9s de l&rsquo;esprit, surmonter les d\u00e9fis \u00e9motionnels et atteindre un \u00e9tat de bien-\u00eatre optimal. Au Centre ELOE, psychologue Campello, nous appliquons des principes scientifiques et des [&hellip;]<\/p>\n","protected":false},"author":1,"featured_media":0,"parent":0,"menu_order":0,"comment_status":"closed","ping_status":"closed","template":"","meta":{"_acf_changed":false,"_monsterinsights_skip_tracking":false,"_monsterinsights_sitenote_active":false,"_monsterinsights_sitenote_note":"","_monsterinsights_sitenote_category":0,"_uf_show_specific_survey":0,"_uf_disable_surveys":false,"footnotes":""},"class_list":["post-1699","page","type-page","status-publish","hentry"],"acf":[],"_links":{"self":[{"href":"https:\/\/centroeloe.com\/fr\/wp-json\/wp\/v2\/pages\/1699","targetHints":{"allow":["GET"]}}],"collection":[{"href":"https:\/\/centroeloe.com\/fr\/wp-json\/wp\/v2\/pages"}],"about":[{"href":"https:\/\/centroeloe.com\/fr\/wp-json\/wp\/v2\/types\/page"}],"author":[{"embeddable":true,"href":"https:\/\/centroeloe.com\/fr\/wp-json\/wp\/v2\/users\/1"}],"replies":[{"embeddable":true,"href":"https:\/\/centroeloe.com\/fr\/wp-json\/wp\/v2\/comments?post=1699"}],"version-history":[{"count":27,"href":"https:\/\/centroeloe.com\/fr\/wp-json\/wp\/v2\/pages\/1699\/revisions"}],"predecessor-version":[{"id":3975,"href":"https:\/\/centroeloe.com\/fr\/wp-json\/wp\/v2\/pages\/1699\/revisions\/3975"}],"wp:attachment":[{"href":"https:\/\/centroeloe.com\/fr\/wp-json\/wp\/v2\/media?parent=1699"}],"curies":[{"name":"wp","href":"https:\/\/api.w.org\/{rel}","templated":true}]}}