{"id":1637,"date":"2023-03-22T08:28:12","date_gmt":"2023-03-22T07:28:12","guid":{"rendered":"https:\/\/centroeloe.digitalnature.es\/politique-de-confidentialite\/"},"modified":"2024-04-18T21:39:36","modified_gmt":"2024-04-18T19:39:36","slug":"politique-de-confidentialite","status":"publish","type":"page","link":"https:\/\/centroeloe.com\/fr\/politique-de-confidentialite\/","title":{"rendered":"Politique de confidentialit\u00e9"},"content":{"rendered":"\t\t<div data-elementor-type=\"wp-page\" data-elementor-id=\"1637\" class=\"elementor elementor-1637 elementor-1394\" data-elementor-post-type=\"page\">\n\t\t\t\t<div class=\"elementor-element elementor-element-35c4042d e-flex e-con-boxed e-con e-parent\" data-id=\"35c4042d\" data-element_type=\"container\" data-e-type=\"container\" data-settings=\"{&quot;background_background&quot;:&quot;classic&quot;}\">\n\t\t\t\t\t<div class=\"e-con-inner\">\n\t\t\t\t<div class=\"elementor-element elementor-element-65be18e8 elementor-widget elementor-widget-heading\" data-id=\"65be18e8\" data-element_type=\"widget\" data-e-type=\"widget\" data-widget_type=\"heading.default\">\n\t\t\t\t<div class=\"elementor-widget-container\">\n\t\t\t\t\t<h2 class=\"elementor-heading-title elementor-size-default\">Politique de confidentialit\u00e9<\/h2>\t\t\t\t<\/div>\n\t\t\t\t<\/div>\n\t\t\t\t\t<\/div>\n\t\t\t\t<\/div>\n\t\t\t\t<section class=\"elementor-section elementor-top-section elementor-element elementor-element-1f6f1b6c elementor-section-boxed elementor-section-height-default elementor-section-height-default\" data-id=\"1f6f1b6c\" data-element_type=\"section\" data-e-type=\"section\">\n\t\t\t\t\t\t<div class=\"elementor-container elementor-column-gap-default\">\n\t\t\t\t\t<div class=\"elementor-column elementor-col-100 elementor-top-column elementor-element elementor-element-62dd2fb4\" data-id=\"62dd2fb4\" data-element_type=\"column\" data-e-type=\"column\" data-settings=\"{&quot;background_background&quot;:&quot;classic&quot;}\">\n\t\t\t<div class=\"elementor-widget-wrap elementor-element-populated\">\n\t\t\t\t\t\t<div class=\"elementor-element elementor-element-535c1c7b elementor-widget elementor-widget-text-editor\" data-id=\"535c1c7b\" data-element_type=\"widget\" data-e-type=\"widget\" data-widget_type=\"text-editor.default\">\n\t\t\t\t<div class=\"elementor-widget-container\">\n\t\t\t\t\t\t\t\t\t<p><\/p>\n<p>Conform\u00e9ment aux dispositions de la loi organique 15\/1999, du 13 d\u00e9cembre, sur la protection des donn\u00e9es \u00e0 caract\u00e8re personnel (LOPD), nous vous informons que les donn\u00e9es \u00e0 caract\u00e8re personnel que vous nous fournissez par le biais de notre site web ou par l&rsquo;envoi de courriers \u00e9lectroniques seront incorpor\u00e9es \u00e0 un fichier automatis\u00e9 appartenant \u00e0 Sonia Gandolfini (ci-apr\u00e8s d\u00e9nomm\u00e9e Centre ELOE), dont le si\u00e8ge social est situ\u00e9 \u00e0 l&rsquo;adresse suivante <span class=\"elementor-icon-list-text\">C. Sant Bartomeu, 126, 03560 El Campello, Alicante<\/span> &#8211; Espagne, afin de g\u00e9rer, de fournir, d&rsquo;\u00e9tendre et d&rsquo;am\u00e9liorer les services offerts sur le site web, d&rsquo;ex\u00e9cuter les contrats conclus par son interm\u00e9diaire, d&rsquo;envoyer des formulaires d&rsquo;enqu\u00eate, d&rsquo;\u00e9tudier l&rsquo;utilisation des services par les utilisateurs, d&rsquo;envoyer des mises \u00e0 jour sur les services, ainsi que pour vous envoyer des informations publicitaires et\/ou promotionnelles sur les produits et services offerts par Centro ELOE ou par des tiers li\u00e9s \u00e0 l&rsquo;achat et \u00e0 la vente de biens de consommation susceptibles de vous int\u00e9resser, l&rsquo;utilisateur consentant express\u00e9ment \u00e0 l&rsquo;envoi de ces informations par n&rsquo;importe quel moyen, y compris \u00e9lectronique, y compris le courrier \u00e9lectronique.<\/p>\n<p><\/p>\n<p>Les utilisateurs qui fournissent leurs donn\u00e9es \u00e0 Centro ELOE et qui ne sont pas des utilisateurs acceptent express\u00e9ment que le fait de fournir leurs donn\u00e9es \u00e0 Centro ELOE \u00e9quivaut \u00e0 leur autorisation expresse d&rsquo;envoyer de la publicit\u00e9 par le biais de ce m\u00e9dia. Si ce n&rsquo;est pas le cas, veuillez ne pas fournir vos donn\u00e9es et\/ou ne pas envoyer de communication au Centro ELOE. L&rsquo;utilisateur donne express\u00e9ment le consentement n\u00e9cessaire pour que Centro ELOE puisse informer de son statut d&rsquo;utilisateur les tiers qui ont l&rsquo;intention d&rsquo;envoyer un e-mail l&rsquo;invitant \u00e0 rejoindre Centro ELOE, afin d&rsquo;\u00e9viter un tel renvoi.<\/p>\n<p><\/p>\n<p>De m\u00eame, l&rsquo;utilisateur est inform\u00e9 qu&rsquo;en cas d&rsquo;utilisation de l&rsquo;option \u00ab\u00a0recommander\u00a0\u00bb, le Centro ELOE informera la personne \u00e0 laquelle la recommandation de devenir utilisateur est envoy\u00e9e de la personne qui l&rsquo;a invit\u00e9 \u00e0 devenir utilisateur, afin que certaines donn\u00e9es personnelles soient fournies au filleul potentiel.<\/p>\n<p><\/p>\n<p>Le consentement de l&rsquo;utilisateur \u00e0 recevoir des communications commerciales par courrier \u00e9lectronique ou par des moyens \u00e9lectroniques \u00e9quivalents peut \u00eatre r\u00e9voqu\u00e9 par notification envoy\u00e9e \u00e0 l&rsquo;adresse \u00e9lectronique suivante : centroeloe@gmail.com ou par courrier ordinaire envoy\u00e9 au Centro ELOE \u00e0 l&rsquo;adresse indiqu\u00e9e ci-dessus.<\/p>\n<p><\/p>\n<p>En raison de la nature m\u00eame du service et des contenus du site web, il est indispensable de pouvoir envoyer aux utilisateurs des communications commerciales par courrier \u00e9lectronique. Par cons\u00e9quent, la r\u00e9vocation du consentement pr\u00e9vue au paragraphe pr\u00e9c\u00e9dent entra\u00eenera automatiquement la cessation et l&rsquo;abandon du statut d&rsquo;utilisateur du Centre ELOE par la personne qui ex\u00e9cute cette r\u00e9vocation.<\/p>\n<p><\/p>\n<p>De m\u00eame, l&rsquo;utilisateur a la possibilit\u00e9 d&rsquo;acc\u00e9der \u00e0 ses donn\u00e9es personnelles et d&rsquo;effectuer les modifications appropri\u00e9es. En ce sens, l&rsquo;utilisateur s&rsquo;engage \u00e0 fournir des informations v\u00e9ridiques concernant ses donn\u00e9es personnelles et \u00e0 tenir \u00e0 jour les donn\u00e9es fournies au Centro ELOE.<\/p>\n<p><\/p>\n<p>Les utilisateurs peuvent exercer leurs droits d&rsquo;acc\u00e8s, de rectification, d&rsquo;annulation et d&rsquo;opposition en envoyant une communication \u00e0 l&rsquo;adresse indiqu\u00e9e au premier paragraphe de cette section, ou \u00e0 l&rsquo;adresse \u00e9lectronique : centroeloe@gmail.com.<\/p>\n<p><\/p>\n<p>Le Centro ELOE informe l&rsquo;utilisateur que la collecte de ces donn\u00e9es n&rsquo;est pas obligatoire, sauf dans les domaines indiqu\u00e9s au contraire. Toutefois, la non-fourniture de ces donn\u00e9es peut emp\u00eacher le Centro ELOE de fournir tous les services li\u00e9s \u00e0 ces donn\u00e9es, le d\u00e9gageant de toute responsabilit\u00e9 pour la non-fourniture ou la fourniture incompl\u00e8te de ces services.<\/p>\n<p><\/p>\n<p>L&rsquo;utilisateur sera responsable, dans tous les cas, de la v\u00e9racit\u00e9 des donn\u00e9es fournies, et Centro ELOE se r\u00e9serve le droit d&rsquo;exclure des services enregistr\u00e9s tout utilisateur ayant fourni de fausses donn\u00e9es, sans pr\u00e9judice de toute autre action applicable en vertu de la loi.<\/p>\n<p><\/p>\n<p>Centro ELOE permet \u00e0 ses utilisateurs d&rsquo;inviter des tiers (famille, amis, etc.) \u00e0 rejoindre, en tant qu&rsquo;utilisateurs, la communaut\u00e9 Centro ELOE, en envoyant un courrier \u00e9lectronique d&rsquo;invitation, appel\u00e9 courrier \u00e9lectronique de parrainage. A cette fin, l&rsquo;Utilisateur qui ex\u00e9cute l&rsquo;option \u00ab\u00a0recommandation\u00a0\u00bb propos\u00e9e par le Centre ELOE d\u00e9clare avoir obtenu le consentement n\u00e9cessaire au transfert des donn\u00e9es personnelles de la personne \u00e0 laquelle le Centre ELOE enverra ladite invitation, apr\u00e8s l&rsquo;en avoir inform\u00e9e dans les conditions pr\u00e9vues \u00e0 l&rsquo;article 5.4. LOPD, ainsi que d&rsquo;avoir obtenu leur consentement expr\u00e8s pour que le Centro ELOE leur envoie ses propres communications commerciales ou celles de tiers relatives \u00e0 ses propres produits et\/ou services ou celles de tiers relatives \u00e0 l&rsquo;achat et \u00e0 la vente de biens de consommation.<\/p>\n<p><\/p>\n<p>De m\u00eame, l&rsquo;utilisateur qui ex\u00e9cute l&rsquo;option \u00ab\u00a0recommander\u00a0\u00bb susmentionn\u00e9e est seul et exclusivement responsable de toute circonstance et\/ou sanction pouvant survenir \u00e0 l&rsquo;occasion ou en cons\u00e9quence de l&rsquo;absence de consentement du destinataire de l&rsquo;e-mail de parrainage au traitement de ses donn\u00e9es personnelles et\/ou de toute irr\u00e9gularit\u00e9 dans l&rsquo;obtention de ce consentement.<\/p>\n<p><\/p>\n<p><strong>II. Mineurs<\/strong><br>Nos services s&rsquo;adressent \u00e0 des personnes majeures. Dans le cas o\u00f9 certains de nos services s&rsquo;adressent sp\u00e9cifiquement \u00e0 des mineurs, le Centro ELOE demandera le consentement des parents ou des tuteurs pour la collecte des donn\u00e9es personnelles ou, le cas \u00e9ch\u00e9ant, pour le traitement automatis\u00e9 des donn\u00e9es, conform\u00e9ment \u00e0 la l\u00e9gislation en vigueur. Si l&rsquo;utilisateur est mineur, il est tenu d&rsquo;obtenir le consentement pr\u00e9alable de ses parents ou tuteurs avant de proc\u00e9der \u00e0 l&rsquo;inclusion de ses donn\u00e9es personnelles dans les formulaires du site web.<\/p>\n<p><\/p>\n<p><strong>III. Utilisation de cookies<\/strong><br>Le Centro ELOE vous informe que lors de la navigation sur le site Web, des \u00ab\u00a0cookies\u00a0\u00bb sont utilis\u00e9s, de petits fichiers de donn\u00e9es qui sont g\u00e9n\u00e9r\u00e9s dans l&rsquo;ordinateur de l&rsquo;utilisateur et qui nous permettent d&rsquo;obtenir les informations suivantes :<\/p>\n<p><\/p>\n<p>a) La date et l&rsquo;heure d&rsquo;acc\u00e8s au site web. Cela nous permet de conna\u00eetre les p\u00e9riodes les plus charg\u00e9es et de proc\u00e9der aux ajustements n\u00e9cessaires pour \u00e9viter les probl\u00e8mes de saturation aux heures de pointe.<br>b) Le nombre de visiteurs quotidiens de chaque section. Cela nous permet de conna\u00eetre les domaines les plus performants et d&rsquo;augmenter et d&rsquo;am\u00e9liorer leur contenu, afin que les utilisateurs puissent obtenir un r\u00e9sultat plus satisfaisant.<br>c) La fecha y hora de la \u00faltima vez que el Usuario visit\u00f3 el Sitio Web.<br>d) La conception du contenu choisie par l&rsquo;utilisateur lors de sa premi\u00e8re visite sur le site web.<br>(e) \u00c9l\u00e9ments de s\u00e9curit\u00e9 intervenant dans le contr\u00f4le de l&rsquo;acc\u00e8s aux zones d&rsquo;acc\u00e8s restreint.<\/p>\n<p><\/p>\n<p>Les informations obtenues sont totalement anonymes et ne peuvent en aucun cas \u00eatre associ\u00e9es \u00e0 un utilisateur sp\u00e9cifique et identifi\u00e9. Ces informations permettent au Centro ELOE d&rsquo;adapter et d&rsquo;am\u00e9liorer ses services en fonction des int\u00e9r\u00eats de l&rsquo;utilisateur. Toutefois, l&rsquo;utilisateur a la possibilit\u00e9 d&#8217;emp\u00eacher la g\u00e9n\u00e9ration de cookies en s\u00e9lectionnant l&rsquo;option correspondante dans son navigateur. Le Centro ELOE vous informe que si vous d\u00e9sactivez l&rsquo;utilisation des cookies, la navigation peut \u00eatre plus lente que d&rsquo;habitude.<\/p>\n<p><\/p>\n<p><strong>IV. Champs de texte libres<\/strong><br>Les champs de texte libre qui, \u00e0 la disposition de l&rsquo;Utilisateur, peuvent appara\u00eetre sur le Site Internet ont pour seul et unique but de collecter des informations afin d&rsquo;am\u00e9liorer la qualit\u00e9 des Services, en particulier la livraison des produits achet\u00e9s. L&rsquo;utilisateur n&rsquo;inclura pas, dans les espaces que le site Web peut offrir comme \u00ab\u00a0champs de texte libre\u00a0\u00bb, des donn\u00e9es personnelles qui peuvent \u00eatre class\u00e9es comme des donn\u00e9es pour lesquelles un niveau de protection moyen ou \u00e9lev\u00e9 est requis, sans en informer pr\u00e9alablement le Centre ELOE, tel que d\u00e9fini par la l\u00e9gislation en vigueur (y compris, mais sans s&rsquo;y limiter, les donn\u00e9es relatives \u00e0 l&rsquo;id\u00e9ologie, \u00e0 la religion, aux croyances, \u00e0 l&rsquo;appartenance syndicale, \u00e0 la sant\u00e9, \u00e0 l&rsquo;origine raciale et\/ou \u00e0 la vie sexuelle).<\/p>\n<p><\/p>\t\t\t\t\t\t\t\t<\/div>\n\t\t\t\t<\/div>\n\t\t\t\t\t<\/div>\n\t\t<\/div>\n\t\t\t\t\t<\/div>\n\t\t<\/section>\n\t\t\t\t<\/div>\n\t\t","protected":false},"excerpt":{"rendered":"<p>Conform\u00e9ment aux dispositions de la loi organique 15\/1999, du 13 d\u00e9cembre, sur la protection des donn\u00e9es \u00e0 caract\u00e8re personnel (LOPD), nous vous informons que les donn\u00e9es \u00e0 caract\u00e8re personnel que vous nous fournissez par le biais de notre site web ou par l&rsquo;envoi de courriers \u00e9lectroniques seront incorpor\u00e9es \u00e0 un fichier automatis\u00e9 appartenant \u00e0 Sonia [&hellip;]<\/p>\n","protected":false},"author":1,"featured_media":0,"parent":0,"menu_order":0,"comment_status":"closed","ping_status":"closed","template":"","meta":{"_acf_changed":false,"_monsterinsights_skip_tracking":false,"_monsterinsights_sitenote_active":false,"_monsterinsights_sitenote_note":"","_monsterinsights_sitenote_category":0,"_uf_show_specific_survey":0,"_uf_disable_surveys":false,"footnotes":""},"class_list":["post-1637","page","type-page","status-publish","hentry"],"acf":[],"_links":{"self":[{"href":"https:\/\/centroeloe.com\/fr\/wp-json\/wp\/v2\/pages\/1637","targetHints":{"allow":["GET"]}}],"collection":[{"href":"https:\/\/centroeloe.com\/fr\/wp-json\/wp\/v2\/pages"}],"about":[{"href":"https:\/\/centroeloe.com\/fr\/wp-json\/wp\/v2\/types\/page"}],"author":[{"embeddable":true,"href":"https:\/\/centroeloe.com\/fr\/wp-json\/wp\/v2\/users\/1"}],"replies":[{"embeddable":true,"href":"https:\/\/centroeloe.com\/fr\/wp-json\/wp\/v2\/comments?post=1637"}],"version-history":[{"count":11,"href":"https:\/\/centroeloe.com\/fr\/wp-json\/wp\/v2\/pages\/1637\/revisions"}],"predecessor-version":[{"id":1956,"href":"https:\/\/centroeloe.com\/fr\/wp-json\/wp\/v2\/pages\/1637\/revisions\/1956"}],"wp:attachment":[{"href":"https:\/\/centroeloe.com\/fr\/wp-json\/wp\/v2\/media?parent=1637"}],"curies":[{"name":"wp","href":"https:\/\/api.w.org\/{rel}","templated":true}]}}