{"id":1631,"date":"2023-03-22T08:20:40","date_gmt":"2023-03-22T07:20:40","guid":{"rendered":"https:\/\/centroeloe.digitalnature.es\/politique-en-matiere-de-cookies\/"},"modified":"2024-04-18T21:40:24","modified_gmt":"2024-04-18T19:40:24","slug":"politique-en-matiere-de-cookies","status":"publish","type":"page","link":"https:\/\/centroeloe.com\/fr\/politique-en-matiere-de-cookies\/","title":{"rendered":"Politique en mati\u00e8re de cookies"},"content":{"rendered":"\t\t<div data-elementor-type=\"wp-page\" data-elementor-id=\"1631\" class=\"elementor elementor-1631 elementor-1386\" data-elementor-post-type=\"page\">\n\t\t\t\t<div class=\"elementor-element elementor-element-35c4042d e-flex e-con-boxed e-con e-parent\" data-id=\"35c4042d\" data-element_type=\"container\" data-e-type=\"container\" data-settings=\"{&quot;background_background&quot;:&quot;classic&quot;}\">\n\t\t\t\t\t<div class=\"e-con-inner\">\n\t\t\t\t<div class=\"elementor-element elementor-element-65be18e8 elementor-widget elementor-widget-heading\" data-id=\"65be18e8\" data-element_type=\"widget\" data-e-type=\"widget\" data-widget_type=\"heading.default\">\n\t\t\t\t<div class=\"elementor-widget-container\">\n\t\t\t\t\t<h2 class=\"elementor-heading-title elementor-size-default\">Politique en mati\u00e8re de cookies<\/h2>\t\t\t\t<\/div>\n\t\t\t\t<\/div>\n\t\t\t\t\t<\/div>\n\t\t\t\t<\/div>\n\t\t\t\t<section class=\"elementor-section elementor-top-section elementor-element elementor-element-1f6f1b6c elementor-section-boxed elementor-section-height-default elementor-section-height-default\" data-id=\"1f6f1b6c\" data-element_type=\"section\" data-e-type=\"section\">\n\t\t\t\t\t\t<div class=\"elementor-container elementor-column-gap-default\">\n\t\t\t\t\t<div class=\"elementor-column elementor-col-100 elementor-top-column elementor-element elementor-element-62dd2fb4\" data-id=\"62dd2fb4\" data-element_type=\"column\" data-e-type=\"column\" data-settings=\"{&quot;background_background&quot;:&quot;classic&quot;}\">\n\t\t\t<div class=\"elementor-widget-wrap elementor-element-populated\">\n\t\t\t\t\t\t<div class=\"elementor-element elementor-element-535c1c7b elementor-widget elementor-widget-text-editor\" data-id=\"535c1c7b\" data-element_type=\"widget\" data-e-type=\"widget\" data-widget_type=\"text-editor.default\">\n\t\t\t\t<div class=\"elementor-widget-container\">\n\t\t\t\t\t\t\t\t\t<\/p>\n<p>Ce site web utilise ses propres cookies et ceux de tiers pour vous offrir une meilleure exp\u00e9rience et un meilleur service. En naviguant ou en utilisant nos services, l&rsquo;utilisateur accepte notre utilisation des cookies. Toutefois, l&rsquo;utilisateur a la possibilit\u00e9 d&#8217;emp\u00eacher la g\u00e9n\u00e9ration de cookies et de les supprimer en s\u00e9lectionnant l&rsquo;option correspondante dans son navigateur. Si vous bloquez l&rsquo;utilisation des cookies dans votre navigateur, il est possible que certains services ou fonctionnalit\u00e9s du site web ne soient pas disponibles.<\/p>\n<\/p>\n<h3>Qu&rsquo;est-ce qu&rsquo;un cookie ?<\/h3>\n<\/p>\n<p>Un \u00ab\u00a0cookie\u00a0\u00bb est un petit morceau de texte que les sites web envoient au navigateur et qui est stock\u00e9 dans le terminal de l&rsquo;utilisateur, qui peut \u00eatre un ordinateur personnel, un t\u00e9l\u00e9phone portable, une tablette, etc. Ces fichiers permettent au site web de m\u00e9moriser des informations relatives \u00e0 votre visite, telles que la langue et les options pr\u00e9f\u00e9r\u00e9es, ce qui peut faciliter votre prochaine visite et rendre le site plus utile en personnalisant son contenu. Les cookies jouent un r\u00f4le tr\u00e8s important dans l&rsquo;am\u00e9lioration de l&rsquo;exp\u00e9rience d&rsquo;utilisation du site web.<\/p>\n<\/p>\n<h3>Comment les cookies sont-ils utilis\u00e9s ?<\/h3>\n<\/p>\n<p>En naviguant sur ce site, l&rsquo;utilisateur accepte que des cookies soient install\u00e9s sur son terminal et qu&rsquo;ils nous permettent d&rsquo;obtenir les informations suivantes :<\/p>\n<\/p>\n<ul>\n<li style=\"list-style-type: none;\">\n<ul>\n<li>des informations statistiques sur l&rsquo;utilisation du site web.<\/li>\n<\/ul>\n<\/li>\n<\/ul>\n<ul>\n<li style=\"list-style-type: none;\">\n<ul>\n<li>Le login de l&rsquo;utilisateur pour maintenir sa session active sur le site web.<\/li>\n<\/ul>\n<\/li>\n<\/ul>\n<\/p>\n<h3>Types de cookies utilis\u00e9s<\/h3>\n<\/p>\n<p>Ce site web utilise \u00e0 la fois des cookies de session temporaires et des cookies persistants. Les cookies de session stockent des donn\u00e9es uniquement pendant que l&rsquo;utilisateur acc\u00e8de au site web et les cookies persistants stockent des donn\u00e9es dans le terminal pour y acc\u00e9der et les utiliser au cours de plusieurs sessions.<\/p>\n<\/p>\n<p>En fonction de la finalit\u00e9 du traitement des donn\u00e9es obtenues par le biais des cookies, le site web peut utiliser :<\/p>\n<\/p>\n<p><strong><em>Cookies techniques<\/em><\/strong><\/p>\n<\/p>\n<p>Ils permettent \u00e0 l&rsquo;utilisateur de naviguer sur le site web ou l&rsquo;application et d&rsquo;utiliser les diff\u00e9rentes options ou services qui s&rsquo;y trouvent. Par exemple, le contr\u00f4le du trafic et de la communication des donn\u00e9es, l&rsquo;identification de la session, l&rsquo;acc\u00e8s \u00e0 des parties du site web \u00e0 acc\u00e8s restreint, la m\u00e9morisation des \u00e9l\u00e9ments constitutifs d&rsquo;une commande, l&rsquo;introduction d&rsquo;une demande d&rsquo;inscription ou de participation \u00e0 un \u00e9v\u00e9nement, l&rsquo;utilisation d&rsquo;\u00e9l\u00e9ments de s\u00e9curit\u00e9 lors de la navigation et le stockage de contenus pour la diffusion de vid\u00e9os ou de sons.<\/p>\n<\/p>\n<p><em><strong>Cookies de personnalisation<\/strong><\/em><\/p>\n<\/p>\n<p>Ils permettent \u00e0 l&rsquo;utilisateur d&rsquo;acc\u00e9der au service avec certaines caract\u00e9ristiques g\u00e9n\u00e9rales pr\u00e9d\u00e9finies dans le terminal ou d\u00e9finies par l&rsquo;utilisateur. Par exemple, la langue, le type de navigateur par lequel vous acc\u00e9dez au service, la conception du contenu s\u00e9lectionn\u00e9e, la g\u00e9olocalisation du terminal et la configuration r\u00e9gionale \u00e0 partir de laquelle le service est accessible.<\/p>\n<\/p>\n<p><strong><em>Cookies d&rsquo;analyse statistique<\/em><\/strong><\/p>\n<\/p>\n<p>Il s&rsquo;agit de ceux qui permettent de suivre et d&rsquo;analyser le comportement des utilisateurs sur les sites web. Les informations collect\u00e9es par ce type de cookies sont utilis\u00e9es pour mesurer l&rsquo;activit\u00e9 des sites web, de l&rsquo;application ou de la plateforme et pour l&rsquo;\u00e9laboration de profils de navigation des utilisateurs de ces sites, afin d&rsquo;introduire des am\u00e9liorations dans le service sur la base des donn\u00e9es d&rsquo;utilisation fournies par les utilisateurs.<\/p>\n<\/p>\n<p><em><strong>Cookies de tiers<\/strong><\/em><\/p>\n<\/p>\n<p>Sur certains sites web, des cookies de tiers peuvent \u00eatre install\u00e9s pour g\u00e9rer et am\u00e9liorer les services offerts. Comme, par exemple, les services statistiques de Google Analytics et Comscore.<\/p>\n<\/p>\n<h3>Comment g\u00e9rer les cookies dans le navigateur ?<\/h3>\n<\/p>\n<p>L&rsquo;utilisateur a la possibilit\u00e9 d&rsquo;autoriser, de bloquer ou de supprimer les cookies install\u00e9s sur son \u00e9quipement en configurant les options du navigateur install\u00e9 sur son terminal :<\/p>\n<\/p>\n<p>Pour r\u00e9gler les autorisations li\u00e9es aux cookies dans le navigateur <strong>Google Chrome<\/strong> :<\/p>\n<\/p>\n<ul>\n<li style=\"list-style-type: none;\">\n<ul>\n<li>Cliquez sur le menu dans la barre d&rsquo;outils.<\/li>\n<\/ul>\n<\/li>\n<\/ul>\n<ul>\n<li style=\"list-style-type: none;\">\n<ul>\n<li>S\u00e9lectionnez <strong>Configuration<\/strong>.<\/li>\n<\/ul>\n<\/li>\n<\/ul>\n<ul>\n<li style=\"list-style-type: none;\">\n<ul>\n<li>Cliquez sur <strong>Afficher les options avanc\u00e9es.<\/strong><\/li>\n<\/ul>\n<\/li>\n<\/ul>\n<ul>\n<li style=\"list-style-type: none;\">\n<ul>\n<li>Dans la section \u00ab\u00a0Vie priv\u00e9e\u00a0\u00bb, cliquez sur le bouton \u00ab\u00a0<strong>Param\u00e8tres de contenu<\/strong>\u00ab\u00a0.<\/li>\n<\/ul>\n<\/li>\n<\/ul>\n<ul>\n<li style=\"list-style-type: none;\">\n<ul>\n<li>Dans la section \u00ab\u00a0Cookies\u00a0\u00bb, vous pouvez configurer les options.<\/li>\n<\/ul>\n<\/li>\n<\/ul>\n<\/p>\n<p><span style=\"color: #186d88;\"><a style=\"color: #186d88;\" href=\"https:\/\/support.google.com\/chrome\/answer\/95647?hl=es\" target=\"_blank\" rel=\"noreferrer noopener\">En savoir plus sur Google Chrome<\/a><\/span><\/p>\n<\/p>\n<p>Pour ajuster les permissions li\u00e9es aux cookies dans le navigateur <strong>MozillaFirefox<\/strong> :<\/p>\n<\/p>\n<ul>\n<li style=\"list-style-type: none;\">\n<ul>\n<li>En haut de la fen\u00eatre Firefox, cliquez sur le menu <strong>Outils<\/strong>.<\/li>\n<\/ul>\n<\/li>\n<\/ul>\n<ul>\n<li style=\"list-style-type: none;\">\n<ul>\n<li>S\u00e9lectionnez <strong>Options<\/strong>.<\/li>\n<\/ul>\n<\/li>\n<\/ul>\n<ul>\n<li style=\"list-style-type: none;\">\n<ul>\n<li>S\u00e9lectionnez le volet <strong>Confidentialit\u00e9<\/strong>.<\/li>\n<\/ul>\n<\/li>\n<\/ul>\n<ul>\n<li style=\"list-style-type: none;\">\n<ul>\n<li>Dans l&rsquo;option Firefox, vous pouvez choisir <strong>Utiliser les param\u00e8tres personnalis\u00e9s pour l&rsquo;historique<\/strong> afin de configurer les options.<\/li>\n<\/ul>\n<\/li>\n<\/ul>\n<\/p>\n<p><span style=\"color: #186d88;\"><a style=\"color: #186d88;\" href=\"https:\/\/support.mozilla.org\/es\/kb\/&#039;cookies&#039;-informacion-que-los-sitios-web-guardan-en-?esab=a&amp;s=adminstracion+de+%27cookies%27&amp;r=2&amp;as=s\" target=\"_blank\" rel=\"noreferrer noopener\">Plus d&rsquo;informations sur Mozilla Firefox<\/a><\/span><\/p>\n<\/p>\n<p>Pour d\u00e9finir les autorisations relatives aux cookies dans le navigateur <strong>Internet Explorer 9<\/strong> :<\/p>\n<\/p>\n<ul>\n<li style=\"list-style-type: none;\">\n<ul>\n<li>En haut de la fen\u00eatre d&rsquo;Internet Explorer, cliquez sur le menu <strong>Outils<\/strong>.<\/li>\n<\/ul>\n<\/li>\n<\/ul>\n<ul>\n<li style=\"list-style-type: none;\">\n<ul>\n<li>S\u00e9lectionnez l&rsquo;onglet <strong>S\u00e9curit\u00e9<\/strong> et utilisez l&rsquo;option <strong>Supprimer l&rsquo;historique de navigation<\/strong> pour supprimer les cookies. Cochez la case \u00ab\u00a0<strong>Cookies<\/strong>\u00ab\u00a0, puis cliquez sur <strong>Supprimer<\/strong>.<\/li>\n<\/ul>\n<\/li>\n<\/ul>\n<ul>\n<li style=\"list-style-type: none;\">\n<ul>\n<li>S\u00e9lectionnez l&rsquo;onglet <strong>S\u00e9curit\u00e9<\/strong> et allez dans <strong>Param\u00e8tres<\/strong>. D\u00e9placez le curseur vers le haut pour bloquer tous les cookies ou vers le bas pour les autoriser. Cliquez ensuite sur <strong>OK<\/strong>.<\/li>\n<\/ul>\n<\/li>\n<\/ul>\n<\/p>\n<p><span style=\"color: #186d88;\"><a style=\"color: #186d88;\" href=\"http:\/\/windows.microsoft.com\/es-es\/windows7\/how-to-manage-&#039;cookies&#039;-in-internet-explorer-9\" target=\"_blank\" rel=\"noreferrer noopener\">Plus d&rsquo;informations sur Internet Explorer 9<\/a><\/span><\/p>\n<\/p>\n<p>Si vous bloquez l&rsquo;utilisation des cookies dans votre navigateur, il est possible que certains services ou fonctionnalit\u00e9s du site web ne soient pas disponibles.<\/p>\n<\/p>\n<p>Dans certains navigateurs, vous pouvez d\u00e9finir des r\u00e8gles sp\u00e9cifiques pour g\u00e9rer les cookies par site web, ce qui vous permet d&rsquo;exercer un contr\u00f4le plus pr\u00e9cis sur la protection de la vie priv\u00e9e. Cela signifie que vous pouvez d\u00e9sactiver les cookies de tous les sites, \u00e0 l&rsquo;exception de ceux auxquels vous faites confiance.<\/p><\/p>\n\t\t\t\t\t\t\t\t<\/div>\n\t\t\t\t<\/div>\n\t\t\t\t\t<\/div>\n\t\t<\/div>\n\t\t\t\t\t<\/div>\n\t\t<\/section>\n\t\t\t\t<\/div>\n\t\t","protected":false},"excerpt":{"rendered":"<p>Ce site web utilise ses propres cookies et ceux de tiers pour vous offrir une meilleure exp\u00e9rience et un meilleur service. En naviguant ou en utilisant nos services, l&rsquo;utilisateur accepte notre utilisation des cookies. Toutefois, l&rsquo;utilisateur a la possibilit\u00e9 d&#8217;emp\u00eacher la g\u00e9n\u00e9ration de cookies et de les supprimer en s\u00e9lectionnant l&rsquo;option correspondante dans son navigateur. [&hellip;]<\/p>\n","protected":false},"author":1,"featured_media":0,"parent":0,"menu_order":0,"comment_status":"closed","ping_status":"closed","template":"","meta":{"_acf_changed":false,"_monsterinsights_skip_tracking":false,"_monsterinsights_sitenote_active":false,"_monsterinsights_sitenote_note":"","_monsterinsights_sitenote_category":0,"_uf_show_specific_survey":0,"_uf_disable_surveys":false,"footnotes":""},"class_list":["post-1631","page","type-page","status-publish","hentry"],"acf":[],"_links":{"self":[{"href":"https:\/\/centroeloe.com\/fr\/wp-json\/wp\/v2\/pages\/1631","targetHints":{"allow":["GET"]}}],"collection":[{"href":"https:\/\/centroeloe.com\/fr\/wp-json\/wp\/v2\/pages"}],"about":[{"href":"https:\/\/centroeloe.com\/fr\/wp-json\/wp\/v2\/types\/page"}],"author":[{"embeddable":true,"href":"https:\/\/centroeloe.com\/fr\/wp-json\/wp\/v2\/users\/1"}],"replies":[{"embeddable":true,"href":"https:\/\/centroeloe.com\/fr\/wp-json\/wp\/v2\/comments?post=1631"}],"version-history":[{"count":1,"href":"https:\/\/centroeloe.com\/fr\/wp-json\/wp\/v2\/pages\/1631\/revisions"}],"predecessor-version":[{"id":1632,"href":"https:\/\/centroeloe.com\/fr\/wp-json\/wp\/v2\/pages\/1631\/revisions\/1632"}],"wp:attachment":[{"href":"https:\/\/centroeloe.com\/fr\/wp-json\/wp\/v2\/media?parent=1631"}],"curies":[{"name":"wp","href":"https:\/\/api.w.org\/{rel}","templated":true}]}}