{"id":1613,"date":"2023-03-22T08:19:57","date_gmt":"2023-03-22T07:19:57","guid":{"rendered":"https:\/\/centroeloe.digitalnature.es\/avis-juridique\/"},"modified":"2026-02-16T23:00:21","modified_gmt":"2026-02-16T22:00:21","slug":"avis-juridique","status":"publish","type":"page","link":"https:\/\/centroeloe.com\/fr\/avis-juridique\/","title":{"rendered":"Avis juridique"},"content":{"rendered":"\t\t<div data-elementor-type=\"wp-page\" data-elementor-id=\"1613\" class=\"elementor elementor-1613 elementor-1380\" data-elementor-post-type=\"page\">\n\t\t\t\t<div class=\"elementor-element elementor-element-35c4042d e-flex e-con-boxed e-con e-parent\" data-id=\"35c4042d\" data-element_type=\"container\" data-e-type=\"container\" data-settings=\"{&quot;background_background&quot;:&quot;classic&quot;}\">\n\t\t\t\t\t<div class=\"e-con-inner\">\n\t\t\t\t<div class=\"elementor-element elementor-element-65be18e8 elementor-widget elementor-widget-heading\" data-id=\"65be18e8\" data-element_type=\"widget\" data-e-type=\"widget\" data-widget_type=\"heading.default\">\n\t\t\t\t<div class=\"elementor-widget-container\">\n\t\t\t\t\t<h2 class=\"elementor-heading-title elementor-size-default\">Avis juridique<\/h2>\t\t\t\t<\/div>\n\t\t\t\t<\/div>\n\t\t\t\t\t<\/div>\n\t\t\t\t<\/div>\n\t\t\t\t<section class=\"elementor-section elementor-top-section elementor-element elementor-element-1f6f1b6c elementor-section-boxed elementor-section-height-default elementor-section-height-default\" data-id=\"1f6f1b6c\" data-element_type=\"section\" data-e-type=\"section\">\n\t\t\t\t\t\t<div class=\"elementor-container elementor-column-gap-default\">\n\t\t\t\t\t<div class=\"elementor-column elementor-col-100 elementor-top-column elementor-element elementor-element-62dd2fb4\" data-id=\"62dd2fb4\" data-element_type=\"column\" data-e-type=\"column\" data-settings=\"{&quot;background_background&quot;:&quot;classic&quot;}\">\n\t\t\t<div class=\"elementor-widget-wrap elementor-element-populated\">\n\t\t\t\t\t\t<div class=\"elementor-element elementor-element-535c1c7b elementor-widget elementor-widget-text-editor\" data-id=\"535c1c7b\" data-element_type=\"widget\" data-e-type=\"widget\" data-widget_type=\"text-editor.default\">\n\t\t\t\t<div class=\"elementor-widget-container\">\n\t\t\t\t\t\t\t\t\t<p>Conform\u00e9ment \u00e0 l&rsquo;article 10 de la loi 34\/2002, du 11 juillet, sur les services de la soci\u00e9t\u00e9 de l&rsquo;information et le commerce \u00e9lectronique (LSSICE), les donn\u00e9es d&rsquo;identification de l&rsquo;entit\u00e9 ou de la personne propri\u00e9taire de ce site Web sont indiqu\u00e9es ci-dessous.<\/p>\n<p>Nom ou raison sociale : Sonia Gandolfini<br>CIF\/NIF : Y8396581P<br>Si\u00e8ge social : <span>C. Sant Bartolom\u00e9, 126, 03560 El Campello, Alicante<\/span> &#8211; Espagne<br>T\u00e9l\u00e9phone : <span>613 054 779<\/span><br>E_mail : centroeloe@gmail.com<\/p>\n<p>Sonia Gandolfini est le propri\u00e9taire du nom de domaine et du site web accessible \u00e0 l&rsquo;adresse : https:\/\/www.centroeloe.com.<\/p>\n<h3>I. Objet<\/h3>\n<p>Les pr\u00e9sentes conditions g\u00e9n\u00e9rales d&rsquo;utilisation r\u00e9gissent l&rsquo;utilisation du site web <strong>https:\/\/www.centroeloe.com<\/strong> que <strong>le propri\u00e9taire<span style=\"color: #99cc00;\"> <\/span><\/strong>(ci-apr\u00e8s d\u00e9nomm\u00e9 <strong>Centre ELOE<\/strong>) met \u00e0 la disposition des personnes qui acc\u00e8dent \u00e0 son site web afin de fournir des informations sur les produits et services, les siens et\/ou ceux de tiers collaborateurs, et d&rsquo;en faciliter l&rsquo;acc\u00e8s, ainsi que la conclusion de contrats de services et de biens par le biais de ce dernier (tous ces \u00e9l\u00e9ments \u00e9tant conjointement d\u00e9nomm\u00e9s les \u00ab\u00a0services\u00a0\u00bb).<\/p>\n<p>Pour contacter le Centro ELOE, vous pouvez utiliser l&rsquo;adresse postale ci-dessus, ainsi que l&rsquo;adresse \u00e9lectronique centroeloe@gmail.com et le num\u00e9ro de t\u00e9l\u00e9phone <span>613 054 779<\/span>.<\/p>\n<p>En raison de la nature m\u00eame du site web, de son contenu et de sa finalit\u00e9, la quasi-totalit\u00e9 de la navigation qui peut y \u00eatre effectu\u00e9e doit l&rsquo;\u00eatre avec le statut d&rsquo;utilisateur, qui s&rsquo;acquiert conform\u00e9ment aux proc\u00e9dures qui y sont pr\u00e9vues. Par cons\u00e9quent, la condition susmentionn\u00e9e de l&rsquo;utilisateur implique l&rsquo;adh\u00e9sion aux conditions g\u00e9n\u00e9rales dans la version publi\u00e9e au moment de l&rsquo;acc\u00e8s au site Web. Le Centro ELOE se r\u00e9serve le droit de modifier, \u00e0 tout moment, la pr\u00e9sentation et la configuration du site Web, ainsi que les pr\u00e9sentes conditions g\u00e9n\u00e9rales. Par cons\u00e9quent, le Centro ELOE recommande \u00e0 l&rsquo;utilisateur de le lire attentivement chaque fois qu&rsquo;il acc\u00e8de au site web.<\/p>\n<p>En tout \u00e9tat de cause, il existe des pages du site Web accessibles au grand public, \u00e0 l&rsquo;\u00e9gard desquelles le Centre ELOE souhaite \u00e9galement se conformer \u00e0 ses obligations l\u00e9gales, ainsi que r\u00e9glementer l&rsquo;utilisation de ces pages. En ce sens, les utilisateurs qui acc\u00e8dent \u00e0 ces parties du site Web acceptent d&rsquo;\u00eatre soumis, en acc\u00e9dant aux pages susmentionn\u00e9es, aux termes et conditions \u00e9nonc\u00e9s dans les pr\u00e9sentes conditions g\u00e9n\u00e9rales, dans la mesure o\u00f9 ils leur sont applicables.<\/p>\n<p>Enfin, en raison de la nature de ce site web, il est possible que le contenu de ces conditions g\u00e9n\u00e9rales soit modifi\u00e9 ou chang\u00e9. Par cons\u00e9quent, l&rsquo;utilisateur, ainsi que les autres utilisateurs qui ne b\u00e9n\u00e9ficient pas de cette condition, sont tenus d&rsquo;acc\u00e9der aux pr\u00e9sentes conditions g\u00e9n\u00e9rales chaque fois qu&rsquo;ils acc\u00e8dent au site web, en supposant que les conditions correspondantes en vigueur au moment de leur acc\u00e8s leur seront applicables.<\/p>\n<h3>II. Acc\u00e8s et s\u00e9curit\u00e9<\/h3>\n<p>L&rsquo;acc\u00e8s aux services requiert l&rsquo;enregistrement pr\u00e9alable des utilisateurs, qui, apr\u00e8s avoir accept\u00e9 les conditions g\u00e9n\u00e9rales, sont consid\u00e9r\u00e9s comme des utilisateurs et font partie de ce que l&rsquo;on appelle la \u00ab\u00a0communaut\u00e9 priv\u00e9e du Centro ELOE\u00a0\u00bb. L&rsquo;identifiant de l&rsquo;utilisateur sera constitu\u00e9 de son adresse \u00e9lectronique et d&rsquo;un mot de passe. Pour acc\u00e9der \u00e0 son propre compte, l&rsquo;utilisateur devra indiquer cet identifiant, ainsi qu&rsquo;un mot de passe contenant au moins 8 caract\u00e8res.<\/p>\n<p>L&rsquo;utilisation du mot de passe est personnelle et incessible, et il ne peut \u00eatre transf\u00e9r\u00e9, m\u00eame temporairement, \u00e0 des tiers. \u00c0 cet \u00e9gard, l&rsquo;utilisateur s&rsquo;engage \u00e0 en faire un usage diligent et \u00e0 les garder secr\u00e8tes, en assumant toute la responsabilit\u00e9 des cons\u00e9quences de leur divulgation \u00e0 des tiers.<\/p>\n<p>Si l&rsquo;utilisateur sait ou soup\u00e7onne que son mot de passe est utilis\u00e9 par des tiers, il doit le modifier imm\u00e9diatement, de la mani\u00e8re d\u00e9crite sur le site web.<\/p>\n<h3>III. Utilisation correcte des services<\/h3>\n<p>L&rsquo;utilisateur s&rsquo;engage \u00e0 utiliser les services de mani\u00e8re diligente, correcte et licite et, en particulier, \u00e0 titre d&rsquo;exemple et sans limitation, s&rsquo;engage \u00e0 s&rsquo;abstenir de :<\/p>\n<p>(a) utiliser les services d&rsquo;une mani\u00e8re, \u00e0 des fins ou avec des effets contraires \u00e0 la loi, \u00e0 la morale et aux bonnes coutumes g\u00e9n\u00e9ralement accept\u00e9es ou \u00e0 l&rsquo;ordre public ;<br>(b) reproduire ou copier, distribuer, permettre l&rsquo;acc\u00e8s au public par toute forme de communication publique, transformer ou modifier les services, sauf autorisation du titulaire des droits correspondants ou permis par la loi ;<br>(c) accomplir tout acte pouvant \u00eatre consid\u00e9r\u00e9 comme une violation de tout droit de propri\u00e9t\u00e9 intellectuelle ou industrielle appartenant au Centre ELOE ou \u00e0 des tiers ;<br>(d) utiliser les services et, en particulier, les informations de toute nature obtenues par le biais du site web pour envoyer de la publicit\u00e9, des communications \u00e0 des fins de vente directe ou \u00e0 toute autre fin commerciale, des messages non sollicit\u00e9s adress\u00e9s \u00e0 un certain nombre de personnes quel que soit leur objectif, ainsi que pour commercialiser ou divulguer ces informations de quelque mani\u00e8re que ce soit ;<\/p>\n<p>L&rsquo;utilisateur est responsable des dommages de toute nature que le Centro ELOE pourrait subir, \u00e0 l&rsquo;occasion ou en cons\u00e9quence du non-respect de l&rsquo;une quelconque des obligations susmentionn\u00e9es ainsi que de toutes les autres incluses dans les pr\u00e9sentes conditions g\u00e9n\u00e9rales et\/ou celles impos\u00e9es par la loi en relation avec l&rsquo;utilisation du site web.<\/p>\n<p>Centro ELOE veillera \u00e0 tout moment au respect de l&rsquo;ordre juridique en vigueur et sera en droit d&rsquo;interrompre, \u00e0 sa seule discr\u00e9tion, le service ou d&rsquo;exclure l&rsquo;utilisateur du site web en cas de commission pr\u00e9sum\u00e9e, compl\u00e8te ou incompl\u00e8te, de l&rsquo;un des crimes ou d\u00e9lits d\u00e9finis par le code p\u00e9nal en vigueur, ou en cas de comportement qui, de l&rsquo;avis de Centro ELOE, est contraire aux pr\u00e9sentes conditions g\u00e9n\u00e9rales, aux conditions g\u00e9n\u00e9rales de contrat qui s&rsquo;appliquent \u00e0 ce site web, \u00e0 la loi, aux r\u00e8gles \u00e9tablies par Centro ELOE ou ses collaborateurs ou qui peut perturber le bon fonctionnement, l&rsquo;image, la cr\u00e9dibilit\u00e9 et\/ou le prestige de Centro ELOE ou de ses collaborateurs.<\/p>\n<h3>IV. Droits de propri\u00e9t\u00e9<\/h3>\n<p>Tous les contenus du site Web, tels que les textes, les graphiques, les photographies, les logos, les ic\u00f4nes, les images, ainsi que la conception graphique, le code source et les logiciels, sont la propri\u00e9t\u00e9 exclusive de Centro ELOE ou de tiers, dont les droits \u00e0 cet \u00e9gard sont l\u00e9gitimement d\u00e9tenus par Centro ELOE, et sont donc prot\u00e9g\u00e9s par la l\u00e9gislation nationale et internationale.<\/p>\n<p>Il est strictement interdit d&rsquo;utiliser tous les \u00e9l\u00e9ments soumis \u00e0 la propri\u00e9t\u00e9 industrielle et intellectuelle \u00e0 des fins commerciales, ainsi que de les distribuer, de les modifier, de les alt\u00e9rer ou de les d\u00e9compiler.<\/p>\n<p>La violation de l&rsquo;un des droits susmentionn\u00e9s peut constituer une infraction \u00e0 ces dispositions, ainsi qu&rsquo;un d\u00e9lit puni par les articles 270 et suivants du code p\u00e9nal.<\/p>\n<p>Les utilisateurs qui envoient des observations, des avis ou des commentaires au site web par le biais du service de courrier \u00e9lectronique ou par tout autre moyen, dans les cas o\u00f9 cela est possible en raison de la nature des services, autorisent Centro ELOE \u00e0 reproduire, distribuer, communiquer publiquement, transformer et exercer tout autre droit d&rsquo;exploitation de ces observations, avis ou commentaires, tant que la protection des droits d&rsquo;auteur est l\u00e9galement pr\u00e9vue et sans limitation territoriale. Il est \u00e9galement entendu que cette autorisation est accord\u00e9e \u00e0 titre gratuit.<\/p>\n<p>Les plaintes \u00e9ventuelles des utilisateurs concernant d&rsquo;\u00e9ventuelles violations des droits de propri\u00e9t\u00e9 intellectuelle ou industrielle concernant l&rsquo;un des services de ce site Web doivent \u00eatre envoy\u00e9es \u00e0 l&rsquo;adresse \u00e9lectronique suivante : centroeloe@gmail.com.<\/p>\n<h3>V. Exclusion de garantie et de responsabilit\u00e9<\/h3>\n<p>Ind\u00e9pendamment des dispositions des conditions g\u00e9n\u00e9rales relatives \u00e0 l&rsquo;achat de biens contenus dans ce site Web, le Centre ELOE n&rsquo;est pas responsable de la v\u00e9racit\u00e9, de l&rsquo;exactitude et de la qualit\u00e9 de ce site Web, de ses services, de ses informations et de son mat\u00e9riel. Ces services, informations et mat\u00e9riels sont fournis \u00ab\u00a0en l&rsquo;\u00e9tat\u00a0\u00bb et sont accessibles sans garantie d&rsquo;aucune sorte.<\/p>\n<p>Le Centro ELOE se r\u00e9serve le droit d&rsquo;interrompre l&rsquo;acc\u00e8s au site web, ainsi que la fourniture de tout ou partie des services fournis par son interm\u00e9diaire, \u00e0 tout moment et sans pr\u00e9avis, que ce soit pour des raisons techniques, de s\u00e9curit\u00e9, de contr\u00f4le, de maintenance, de panne d&rsquo;\u00e9lectricit\u00e9 ou pour toute autre cause justifi\u00e9e.<\/p>\n<p>Par cons\u00e9quent, Centro ELOE ne garantit pas la fiabilit\u00e9, la disponibilit\u00e9 ou la continuit\u00e9 de son site web ou des services, de sorte que l&rsquo;utilisation de ceux-ci par l&rsquo;utilisateur se fait \u00e0 ses propres risques, et Centro ELOE ne peut \u00e0 aucun moment \u00eatre tenu pour responsable \u00e0 cet \u00e9gard.<\/p>\n<p>Centro ELOE n&rsquo;est pas responsable en cas d&rsquo;interruptions des services, de retards, d&rsquo;erreurs, de dysfonctionnements et, en g\u00e9n\u00e9ral, d&rsquo;autres inconv\u00e9nients qui ont leur origine dans des causes ind\u00e9pendantes de la volont\u00e9 de Centro ELOE, et\/ou en raison d&rsquo;actions volontaires ou n\u00e9gligentes de l&rsquo;utilisateur et\/ou en raison d&rsquo;un cas fortuit ou d&rsquo;une force majeure. Sans pr\u00e9judice des dispositions de l&rsquo;article 1105 du Code civil, la notion de force majeure s&rsquo;entend \u00e9galement, aux fins des pr\u00e9sentes conditions g\u00e9n\u00e9rales, de tous les \u00e9v\u00e9nements \u00e9chappant au contr\u00f4le du Centre ELOE, tels que : la d\u00e9faillance de tiers, d&rsquo;op\u00e9rateurs ou de soci\u00e9t\u00e9s de services, les actes de gouvernement, le manque d&rsquo;acc\u00e8s aux r\u00e9seaux de tiers, les actes ou omissions des autorit\u00e9s publiques, ceux produits \u00e0 la suite de ph\u00e9nom\u00e8nes naturels, de pannes d&rsquo;\u00e9lectricit\u00e9, etc. et l&rsquo;attaque de pirates informatiques ou de tiers sp\u00e9cialis\u00e9s dans la s\u00e9curit\u00e9 ou l&rsquo;int\u00e9grit\u00e9 du syst\u00e8me informatique, \u00e0 condition que le Centre ELOE ait adopt\u00e9 des mesures de s\u00e9curit\u00e9 raisonnables et conformes \u00e0 l&rsquo;\u00e9tat de l&rsquo;art. En tout \u00e9tat de cause, quelle qu&rsquo;en soit la cause, le Centro ELOE n&rsquo;assumera aucune responsabilit\u00e9 pour les dommages directs ou indirects, les dommages cons\u00e9cutifs et\/ou le manque \u00e0 gagner.<\/p>\n<p>Le Centro ELOE exclut toute responsabilit\u00e9 pour les dommages de toute nature qui pourraient \u00eatre dus au manque de v\u00e9racit\u00e9, d&rsquo;exactitude, d&rsquo;exhaustivit\u00e9 et\/ou d&rsquo;actualit\u00e9 des services transmis, diffus\u00e9s, stock\u00e9s, mis \u00e0 disposition ou re\u00e7us, obtenus ou consult\u00e9s par l&rsquo;interm\u00e9diaire du site web, ainsi que pour les services fournis ou offerts par des tiers ou des entit\u00e9s. Le Centro ELOE s&rsquo;efforcera, dans la mesure du possible, de mettre \u00e0 jour et de rectifier toute information sur son site web qui ne respecterait pas les garanties minimales d&rsquo;exactitude. Toutefois, elle n&rsquo;est pas responsable de l&rsquo;absence de mise \u00e0 jour ou de rectification, ni du contenu et des informations qui y figurent. En ce sens, le Centro ELOE n&rsquo;a pas l&rsquo;obligation de contr\u00f4ler et ne contr\u00f4le pas les contenus transmis, diffus\u00e9s ou mis \u00e0 la disposition de tiers par les utilisateurs ou les collaborateurs, sauf dans les cas o\u00f9 la l\u00e9gislation en vigueur l&rsquo;exige ou lorsqu&rsquo;une autorit\u00e9 judiciaire ou administrative comp\u00e9tente le demande.<\/p>\n<p>De m\u00eame, le Centro ELOE exclut toute responsabilit\u00e9 pour les dommages de toute nature qui pourraient \u00eatre dus \u00e0 la pr\u00e9sence de virus ou \u00e0 la pr\u00e9sence d&rsquo;autres \u00e9l\u00e9ments nuisibles dans les contenus qui pourraient causer des alt\u00e9rations dans les syst\u00e8mes informatiques ainsi que dans les documents ou les syst\u00e8mes qui y sont stock\u00e9s. Centro ELOE n&rsquo;est pas responsable de l&rsquo;utilisation que l&rsquo;utilisateur fait des services du site web ou de ses mots de passe, ou de tout autre mat\u00e9riel sur le site web, enfreignant les droits de propri\u00e9t\u00e9 intellectuelle ou industrielle ou tout autre droit de tiers. L&rsquo;utilisateur s&rsquo;engage \u00e0 d\u00e9gager Centro ELOE de tout dommage, perte, sanction, d\u00e9pense (y compris, sans limitation, les frais de justice) ou responsabilit\u00e9 civile, administrative ou de toute autre nature que Centro ELOE pourrait subir et qui serait li\u00e9 \u00e0 la violation ou au respect partiel ou d\u00e9fectueux de sa part des dispositions des pr\u00e9sentes conditions g\u00e9n\u00e9rales ou de la l\u00e9gislation applicable, et, en particulier, de ses obligations relatives aux Abogados Urbanistas \u00e0 caract\u00e8re personnel pr\u00e9vues dans les pr\u00e9sentes conditions ou \u00e9tablies dans la LOPD et le r\u00e8glement d&rsquo;am\u00e9nagement.<\/p>\n<h3>VI. Liens vers d&rsquo;autres sites web<\/h3>\n<p>Le Centro ELOE ne garantit ni n&rsquo;assume aucun type de responsabilit\u00e9 pour les dommages subis lors de l&rsquo;acc\u00e8s \u00e0 des services de tiers par le biais de connexions, de liens ou de liens des sites li\u00e9s, ni pour l&rsquo;exactitude ou la fiabilit\u00e9 de ces derniers. La fonction des liens qui apparaissent dans le Centre ELOE est exclusivement d&rsquo;informer l&rsquo;utilisateur de l&rsquo;existence d&rsquo;autres sources d&rsquo;information sur Internet, o\u00f9 il peut \u00e9largir les services offerts par le portail. Le Centro ELOE n&rsquo;est en aucun cas responsable des r\u00e9sultats obtenus par le biais de ces liens ni des cons\u00e9quences d\u00e9coulant de l&rsquo;acc\u00e8s des utilisateurs \u00e0 ces derniers. Ces services sont fournis par des tiers et le Centro ELOE ne peut pas contr\u00f4ler la l\u00e9galit\u00e9 de ces services ni leur qualit\u00e9. Par cons\u00e9quent, l&rsquo;utilisateur doit faire preuve d&rsquo;une extr\u00eame prudence lors de l&rsquo;\u00e9valuation et de l&rsquo;utilisation des informations et des services contenus dans les contenus de tiers.<\/p>\n<h3>VII. Droit applicable et juridiction<\/h3>\n<p>L&rsquo;utilisation de ce site et les contrats d&rsquo;achat de produits par l&rsquo;interm\u00e9diaire de ce site sont r\u00e9gis par le droit espagnol. Tout litige d\u00e9coulant de l&rsquo;utilisation du site web ou de ces contrats est soumis \u00e0 la comp\u00e9tence non exclusive des cours et tribunaux espagnols.<\/p>\n<p>Si vous passez un contrat en tant que consommateur, aucune disposition de la pr\u00e9sente clause n&rsquo;affectera vos droits en tant que consommateur en vertu de la l\u00e9gislation applicable.<\/p>\t\t\t\t\t\t\t\t<\/div>\n\t\t\t\t<\/div>\n\t\t\t\t\t<\/div>\n\t\t<\/div>\n\t\t\t\t\t<\/div>\n\t\t<\/section>\n\t\t\t\t<\/div>\n\t\t","protected":false},"excerpt":{"rendered":"<p>Conform\u00e9ment \u00e0 l&rsquo;article 10 de la loi 34\/2002, du 11 juillet, sur les services de la soci\u00e9t\u00e9 de l&rsquo;information et le commerce \u00e9lectronique (LSSICE), les donn\u00e9es d&rsquo;identification de l&rsquo;entit\u00e9 ou de la personne propri\u00e9taire de ce site Web sont indiqu\u00e9es ci-dessous. Nom ou raison sociale : Sonia GandolfiniCIF\/NIF : Y8396581PSi\u00e8ge social : C. Sant Bartolom\u00e9, [&hellip;]<\/p>\n","protected":false},"author":1,"featured_media":0,"parent":0,"menu_order":0,"comment_status":"closed","ping_status":"closed","template":"","meta":{"_acf_changed":false,"_monsterinsights_skip_tracking":false,"_monsterinsights_sitenote_active":false,"_monsterinsights_sitenote_note":"","_monsterinsights_sitenote_category":0,"_uf_show_specific_survey":0,"_uf_disable_surveys":false,"footnotes":""},"class_list":["post-1613","page","type-page","status-publish","hentry"],"acf":[],"_links":{"self":[{"href":"https:\/\/centroeloe.com\/fr\/wp-json\/wp\/v2\/pages\/1613","targetHints":{"allow":["GET"]}}],"collection":[{"href":"https:\/\/centroeloe.com\/fr\/wp-json\/wp\/v2\/pages"}],"about":[{"href":"https:\/\/centroeloe.com\/fr\/wp-json\/wp\/v2\/types\/page"}],"author":[{"embeddable":true,"href":"https:\/\/centroeloe.com\/fr\/wp-json\/wp\/v2\/users\/1"}],"replies":[{"embeddable":true,"href":"https:\/\/centroeloe.com\/fr\/wp-json\/wp\/v2\/comments?post=1613"}],"version-history":[{"count":8,"href":"https:\/\/centroeloe.com\/fr\/wp-json\/wp\/v2\/pages\/1613\/revisions"}],"predecessor-version":[{"id":3982,"href":"https:\/\/centroeloe.com\/fr\/wp-json\/wp\/v2\/pages\/1613\/revisions\/3982"}],"wp:attachment":[{"href":"https:\/\/centroeloe.com\/fr\/wp-json\/wp\/v2\/media?parent=1613"}],"curies":[{"name":"wp","href":"https:\/\/api.w.org\/{rel}","templated":true}]}}